{"id":709,"date":"2026-04-12T15:43:21","date_gmt":"2026-04-12T15:43:21","guid":{"rendered":"https:\/\/silk-pajamas.com\/19-momme-double-layer-mulberry-silk-eye-mask-one-size-wine\/"},"modified":"2026-05-08T07:23:35","modified_gmt":"2026-05-08T07:23:35","slug":"19-momme-double-layer-mulberry-silk-eye-mask-one-size-wine","status":"publish","type":"product","link":"https:\/\/silk-pajamas.com\/es\/19-momme-double-layer-mulberry-silk-eye-mask-one-size-wine\/","title":{"rendered":"19 Momme M\u00e1scara de Ojos de Seda de Morera de Doble Capa Talla \u00danica Vino"},"content":{"rendered":"<p>Confeccionado en seda de doble capa de 19 momme, este antifaz acolchado para dormir combina el detalle de la cinta el\u00e1stica con un brillo suave y un tacto transpirable. El acabado vino le confiere un aspecto refinado, mientras que la talla \u00fanica ayuda a cubrir la demanda b\u00e1sica. Adecuado para programas de spa y armarios de verano. Se puede lavar a mano o en fr\u00edo.<\/p>","protected":false},"excerpt":{"rendered":"<p>19 Momme Antifaz acolchado de seda de doble capa en color vino. Acabado en cinta el\u00e1stica, tacto suave y talla \u00fanica. Dise\u00f1ado para programas de spa.<\/p>","protected":false},"featured_media":2173,"template":"","meta":{"_gspb_post_css":""},"product_brand":[],"product_cat":[37],"product_tag":[407,430,409],"class_list":{"0":"post-709","1":"product","2":"type-product","3":"status-publish","4":"has-post-thumbnail","6":"product_cat-silk-eye-masks","7":"product_tag-19-momme-silk-eye-mask-wine","8":"product_tag-double-layer-silk-eye-mask-elastic-strap","9":"product_tag-manufacturer-silk-eye-mask-for-spa-programs","11":"first","12":"instock","13":"shipping-taxable","14":"purchasable","15":"product-type-simple"},"_links":{"self":[{"href":"https:\/\/silk-pajamas.com\/es\/wp-json\/wp\/v2\/product\/709","targetHints":{"allow":["GET"]}}],"collection":[{"href":"https:\/\/silk-pajamas.com\/es\/wp-json\/wp\/v2\/product"}],"about":[{"href":"https:\/\/silk-pajamas.com\/es\/wp-json\/wp\/v2\/types\/product"}],"wp:featuredmedia":[{"embeddable":true,"href":"https:\/\/silk-pajamas.com\/es\/wp-json\/wp\/v2\/media\/2173"}],"wp:attachment":[{"href":"https:\/\/silk-pajamas.com\/es\/wp-json\/wp\/v2\/media?parent=709"}],"wp:term":[{"taxonomy":"product_brand","embeddable":true,"href":"https:\/\/silk-pajamas.com\/es\/wp-json\/wp\/v2\/product_brand?post=709"},{"taxonomy":"product_cat","embeddable":true,"href":"https:\/\/silk-pajamas.com\/es\/wp-json\/wp\/v2\/product_cat?post=709"},{"taxonomy":"product_tag","embeddable":true,"href":"https:\/\/silk-pajamas.com\/es\/wp-json\/wp\/v2\/product_tag?post=709"}],"curies":[{"name":"wp","href":"https:\/\/api.w.org\/{rel}","templated":true}]}}