{"id":710,"date":"2026-04-12T15:43:21","date_gmt":"2026-04-12T15:43:21","guid":{"rendered":"https:\/\/silk-pajamas.com\/19-momme-charmeuse-silk-eye-mask-travel-lilac-vendor\/"},"modified":"2026-05-08T07:24:02","modified_gmt":"2026-05-08T07:24:02","slug":"19-momme-charmeuse-silk-eye-mask-travel-lilac-vendor","status":"publish","type":"product","link":"https:\/\/silk-pajamas.com\/es\/19-momme-charmeuse-silk-eye-mask-travel-lilac-vendor\/","title":{"rendered":"19 Momme Charmeuse M\u00e1scara de Seda para Ojos Viaje Vendedor Lila"},"content":{"rendered":"<p>Este antifaz acolchado, confeccionado en seda charmeuse 19 momme, ofrece una ca\u00edda suave, un tacto agradable y un movimiento elegante. La construcci\u00f3n de viaje y el color lila mantienen el aspecto pulido para surtidos de regalo. Disponible en talla \u00fanica. Se puede lavar a mano o en fr\u00edo.<\/p>","protected":false},"excerpt":{"rendered":"<p>19 Antifaz acolchado de seda Momme Charmeuse en color Lila. Acabado de viaje, tacto suave y talla \u00fanica. Dise\u00f1ado para surtidos de regalo.<\/p>","protected":false},"featured_media":2169,"template":"","meta":{"_gspb_post_css":""},"product_brand":[],"product_cat":[37],"product_tag":[431,432,433],"class_list":{"0":"post-710","1":"product","2":"type-product","3":"status-publish","4":"has-post-thumbnail","6":"product_cat-silk-eye-masks","7":"product_tag-19-momme-silk-eye-mask-lilac","8":"product_tag-charmeuse-silk-eye-mask-travel","9":"product_tag-wholesale-silk-eye-mask-for-gift-assortments","11":"first","12":"instock","13":"shipping-taxable","14":"purchasable","15":"product-type-simple"},"_links":{"self":[{"href":"https:\/\/silk-pajamas.com\/es\/wp-json\/wp\/v2\/product\/710","targetHints":{"allow":["GET"]}}],"collection":[{"href":"https:\/\/silk-pajamas.com\/es\/wp-json\/wp\/v2\/product"}],"about":[{"href":"https:\/\/silk-pajamas.com\/es\/wp-json\/wp\/v2\/types\/product"}],"wp:featuredmedia":[{"embeddable":true,"href":"https:\/\/silk-pajamas.com\/es\/wp-json\/wp\/v2\/media\/2169"}],"wp:attachment":[{"href":"https:\/\/silk-pajamas.com\/es\/wp-json\/wp\/v2\/media?parent=710"}],"wp:term":[{"taxonomy":"product_brand","embeddable":true,"href":"https:\/\/silk-pajamas.com\/es\/wp-json\/wp\/v2\/product_brand?post=710"},{"taxonomy":"product_cat","embeddable":true,"href":"https:\/\/silk-pajamas.com\/es\/wp-json\/wp\/v2\/product_cat?post=710"},{"taxonomy":"product_tag","embeddable":true,"href":"https:\/\/silk-pajamas.com\/es\/wp-json\/wp\/v2\/product_tag?post=710"}],"curies":[{"name":"wp","href":"https:\/\/api.w.org\/{rel}","templated":true}]}}