{"id":711,"date":"2026-04-12T15:43:21","date_gmt":"2026-04-12T15:43:21","guid":{"rendered":"https:\/\/silk-pajamas.com\/25-momme-charmeuse-mulberry-silk-eye-mask-one-size-black\/"},"modified":"2026-05-08T07:25:25","modified_gmt":"2026-05-08T07:25:25","slug":"25-momme-charmeuse-mulberry-silk-eye-mask-one-size-black","status":"publish","type":"product","link":"https:\/\/silk-pajamas.com\/es\/25-momme-charmeuse-mulberry-silk-eye-mask-one-size-black\/","title":{"rendered":"25 Momme Charmeuse M\u00e1scara de ojos de seda de morera Talla \u00fanica Negro"},"content":{"rendered":"<p>Este antifaz acolchado para dormir est\u00e1 confeccionado en 25 seda momme charmeuse en tono negro. Cuenta con una cinta el\u00e1stica, una suave sensaci\u00f3n en la mano y una c\u00f3moda ca\u00edda para programas de spa. Se adapta a la talla \u00fanica y es ideal para la primavera, para regalar o para el confort diario. Se puede lavar a mano o en fr\u00edo.<\/p>","protected":false},"excerpt":{"rendered":"<p>25 Antifaz acolchado de seda Momme Charmeuse en negro. Acabado en cinta el\u00e1stica, tacto suave y talla \u00fanica. Dise\u00f1ado para programas de spa.<\/p>","protected":false},"featured_media":2176,"template":"","meta":{"_gspb_post_css":""},"product_brand":[],"product_cat":[37],"product_tag":[402,428,434],"class_list":{"0":"post-711","1":"product","2":"type-product","3":"status-publish","4":"has-post-thumbnail","6":"product_cat-silk-eye-masks","7":"product_tag-25-momme-silk-eye-mask-black","8":"product_tag-charmeuse-silk-eye-mask-elastic-strap","9":"product_tag-vendor-silk-eye-mask-for-spa-programs","11":"first","12":"instock","13":"shipping-taxable","14":"purchasable","15":"product-type-simple"},"_links":{"self":[{"href":"https:\/\/silk-pajamas.com\/es\/wp-json\/wp\/v2\/product\/711","targetHints":{"allow":["GET"]}}],"collection":[{"href":"https:\/\/silk-pajamas.com\/es\/wp-json\/wp\/v2\/product"}],"about":[{"href":"https:\/\/silk-pajamas.com\/es\/wp-json\/wp\/v2\/types\/product"}],"wp:featuredmedia":[{"embeddable":true,"href":"https:\/\/silk-pajamas.com\/es\/wp-json\/wp\/v2\/media\/2176"}],"wp:attachment":[{"href":"https:\/\/silk-pajamas.com\/es\/wp-json\/wp\/v2\/media?parent=711"}],"wp:term":[{"taxonomy":"product_brand","embeddable":true,"href":"https:\/\/silk-pajamas.com\/es\/wp-json\/wp\/v2\/product_brand?post=711"},{"taxonomy":"product_cat","embeddable":true,"href":"https:\/\/silk-pajamas.com\/es\/wp-json\/wp\/v2\/product_cat?post=711"},{"taxonomy":"product_tag","embeddable":true,"href":"https:\/\/silk-pajamas.com\/es\/wp-json\/wp\/v2\/product_tag?post=711"}],"curies":[{"name":"wp","href":"https:\/\/api.w.org\/{rel}","templated":true}]}}