{"id":713,"date":"2026-04-12T15:43:22","date_gmt":"2026-04-12T15:43:22","guid":{"rendered":"https:\/\/silk-pajamas.com\/19-momme-soft-shine-silk-eye-mask-elastic-strap-sky-blue\/"},"modified":"2026-05-08T06:49:58","modified_gmt":"2026-05-08T06:49:58","slug":"19-momme-soft-shine-silk-eye-mask-elastic-strap-sky-blue","status":"publish","type":"product","link":"https:\/\/silk-pajamas.com\/es\/19-momme-soft-shine-silk-eye-mask-elastic-strap-sky-blue\/","title":{"rendered":"19 Momme M\u00e1scara Ojos Seda Brillo Suave Correa El\u00e1stica Azul Cielo"},"content":{"rendered":"<p>Confeccionado en seda de brillo suave de 19 momme, este antifaz acolchado para dormir combina el detalle de la cinta el\u00e1stica con un brillo suave y un tacto transpirable. El acabado en azul cielo le confiere un aspecto refinado, mientras que la talla \u00fanica ayuda a cubrir la demanda b\u00e1sica. Adecuado para surtidos de regalo y armarios de verano. Se puede lavar a mano o en fr\u00edo.<\/p>","protected":false},"excerpt":{"rendered":"<p>19 Momme Soft Shine antifaz para dormir acolchado de seda en color Sky Blue. Acabado en cinta el\u00e1stica, tacto suave y talla \u00fanica. Dise\u00f1ado para surtidos de regalo.<\/p>","protected":false},"featured_media":2150,"template":"","meta":{"_gspb_post_css":""},"product_brand":[],"product_cat":[37],"product_tag":[436,438,437],"class_list":{"0":"post-713","1":"product","2":"type-product","3":"status-publish","4":"has-post-thumbnail","6":"product_cat-silk-eye-masks","7":"product_tag-19-momme-silk-eye-mask-sky-blue","8":"product_tag-factory-silk-eye-mask-for-gift-assortments","9":"product_tag-soft-shine-silk-eye-mask-elastic-strap","11":"first","12":"instock","13":"shipping-taxable","14":"purchasable","15":"product-type-simple"},"_links":{"self":[{"href":"https:\/\/silk-pajamas.com\/es\/wp-json\/wp\/v2\/product\/713","targetHints":{"allow":["GET"]}}],"collection":[{"href":"https:\/\/silk-pajamas.com\/es\/wp-json\/wp\/v2\/product"}],"about":[{"href":"https:\/\/silk-pajamas.com\/es\/wp-json\/wp\/v2\/types\/product"}],"wp:featuredmedia":[{"embeddable":true,"href":"https:\/\/silk-pajamas.com\/es\/wp-json\/wp\/v2\/media\/2150"}],"wp:attachment":[{"href":"https:\/\/silk-pajamas.com\/es\/wp-json\/wp\/v2\/media?parent=713"}],"wp:term":[{"taxonomy":"product_brand","embeddable":true,"href":"https:\/\/silk-pajamas.com\/es\/wp-json\/wp\/v2\/product_brand?post=713"},{"taxonomy":"product_cat","embeddable":true,"href":"https:\/\/silk-pajamas.com\/es\/wp-json\/wp\/v2\/product_cat?post=713"},{"taxonomy":"product_tag","embeddable":true,"href":"https:\/\/silk-pajamas.com\/es\/wp-json\/wp\/v2\/product_tag?post=713"}],"curies":[{"name":"wp","href":"https:\/\/api.w.org\/{rel}","templated":true}]}}