{"id":720,"date":"2026-04-12T15:43:22","date_gmt":"2026-04-12T15:43:22","guid":{"rendered":"https:\/\/silk-pajamas.com\/25-momme-double-layer-silk-hair-wrap-double-layer-lilac\/"},"modified":"2026-05-08T06:56:09","modified_gmt":"2026-05-08T06:56:09","slug":"25-momme-double-layer-silk-hair-wrap-double-layer-lilac","status":"publish","type":"product","link":"https:\/\/silk-pajamas.com\/es\/25-momme-double-layer-silk-hair-wrap-double-layer-lilac\/","title":{"rendered":"25 Momme Pelo de Seda de Doble Capa Doble Capa Lila"},"content":{"rendered":"<p>Esta toalla para el pelo est\u00e1 hecha de seda de doble capa de 25 momme en tono lila. Tiene doble capa, una suave sensaci\u00f3n al tacto y una c\u00f3moda ca\u00edda para el cuidado diario del cabello. Admite la talla \u00fanica y es ideal para llevar en primavera, para regalar o para el d\u00eda a d\u00eda. Lavar a mano en fr\u00edo y secar al aire libre.<\/p>","protected":false},"excerpt":{"rendered":"<p>25 Momme Toalla de seda de doble capa en color lila. Acabado Double Layer, tacto resistente a las arrugas y talla \u00fanica. Dise\u00f1ada para el cuidado diario del cabello.<\/p>","protected":false},"featured_media":2110,"template":"","meta":{"_gspb_post_css":""},"product_brand":[],"product_cat":[38],"product_tag":[454,455,456],"class_list":{"0":"post-720","1":"product","2":"type-product","3":"status-publish","4":"has-post-thumbnail","6":"product_cat-silk-hair-towel-wrap","7":"product_tag-25-momme-silk-hair-towel-wrap-lilac","8":"product_tag-double-layer-silk-hair-towel-wrap-double-layer","9":"product_tag-vendor-silk-hair-towel-wrap-for-daily-hair-care","11":"first","12":"instock","13":"shipping-taxable","14":"purchasable","15":"product-type-simple"},"_links":{"self":[{"href":"https:\/\/silk-pajamas.com\/es\/wp-json\/wp\/v2\/product\/720","targetHints":{"allow":["GET"]}}],"collection":[{"href":"https:\/\/silk-pajamas.com\/es\/wp-json\/wp\/v2\/product"}],"about":[{"href":"https:\/\/silk-pajamas.com\/es\/wp-json\/wp\/v2\/types\/product"}],"wp:featuredmedia":[{"embeddable":true,"href":"https:\/\/silk-pajamas.com\/es\/wp-json\/wp\/v2\/media\/2110"}],"wp:attachment":[{"href":"https:\/\/silk-pajamas.com\/es\/wp-json\/wp\/v2\/media?parent=720"}],"wp:term":[{"taxonomy":"product_brand","embeddable":true,"href":"https:\/\/silk-pajamas.com\/es\/wp-json\/wp\/v2\/product_brand?post=720"},{"taxonomy":"product_cat","embeddable":true,"href":"https:\/\/silk-pajamas.com\/es\/wp-json\/wp\/v2\/product_cat?post=720"},{"taxonomy":"product_tag","embeddable":true,"href":"https:\/\/silk-pajamas.com\/es\/wp-json\/wp\/v2\/product_tag?post=720"}],"curies":[{"name":"wp","href":"https:\/\/api.w.org\/{rel}","templated":true}]}}