{"id":723,"date":"2026-04-12T15:43:22","date_gmt":"2026-04-12T15:43:22","guid":{"rendered":"https:\/\/silk-pajamas.com\/25-momme-soft-shine-silk-hair-towel-wrap-turban-floral\/"},"modified":"2026-05-08T06:59:03","modified_gmt":"2026-05-08T06:59:03","slug":"25-momme-soft-shine-silk-hair-towel-wrap-turban-floral","status":"publish","type":"product","link":"https:\/\/silk-pajamas.com\/es\/25-momme-soft-shine-silk-hair-towel-wrap-turban-floral\/","title":{"rendered":"25 Momme Toalla de Seda Brillo Suave Turbante Floral"},"content":{"rendered":"<p>Esta toalla para envolver el pelo est\u00e1 hecha de seda de brillo suave de 25 momme en tono floral. Tiene forma de turbante, una suave sensaci\u00f3n en la mano y una c\u00f3moda ca\u00edda para el cuidado del cabello rizado. Admite tallas \u00fanicas y es ideal para llevar en oto\u00f1o, para regalar o para el d\u00eda a d\u00eda. Lavar a mano en fr\u00edo y secar al aire libre.<\/p>","protected":false},"excerpt":{"rendered":"<p>25 toallas de seda Momme Soft Shine en Floral. Acabado turbante, tacto termorregulador y talla \u00fanica. Dise\u00f1ada para el cuidado del cabello rizado.<\/p>","protected":false},"featured_media":2156,"template":"","meta":{"_gspb_post_css":""},"product_brand":[],"product_cat":[38],"product_tag":[462,464,463],"class_list":{"0":"post-723","1":"product","2":"type-product","3":"status-publish","4":"has-post-thumbnail","6":"product_cat-silk-hair-towel-wrap","7":"product_tag-25-momme-silk-hair-towel-wrap-floral","8":"product_tag-factory-silk-hair-towel-wrap-for-curly-hair-care","9":"product_tag-soft-shine-silk-hair-towel-wrap-turban","11":"first","12":"instock","13":"shipping-taxable","14":"purchasable","15":"product-type-simple"},"_links":{"self":[{"href":"https:\/\/silk-pajamas.com\/es\/wp-json\/wp\/v2\/product\/723","targetHints":{"allow":["GET"]}}],"collection":[{"href":"https:\/\/silk-pajamas.com\/es\/wp-json\/wp\/v2\/product"}],"about":[{"href":"https:\/\/silk-pajamas.com\/es\/wp-json\/wp\/v2\/types\/product"}],"wp:featuredmedia":[{"embeddable":true,"href":"https:\/\/silk-pajamas.com\/es\/wp-json\/wp\/v2\/media\/2156"}],"wp:attachment":[{"href":"https:\/\/silk-pajamas.com\/es\/wp-json\/wp\/v2\/media?parent=723"}],"wp:term":[{"taxonomy":"product_brand","embeddable":true,"href":"https:\/\/silk-pajamas.com\/es\/wp-json\/wp\/v2\/product_brand?post=723"},{"taxonomy":"product_cat","embeddable":true,"href":"https:\/\/silk-pajamas.com\/es\/wp-json\/wp\/v2\/product_cat?post=723"},{"taxonomy":"product_tag","embeddable":true,"href":"https:\/\/silk-pajamas.com\/es\/wp-json\/wp\/v2\/product_tag?post=723"}],"curies":[{"name":"wp","href":"https:\/\/api.w.org\/{rel}","templated":true}]}}