{"id":726,"date":"2026-04-12T15:43:23","date_gmt":"2026-04-12T15:43:23","guid":{"rendered":"https:\/\/silk-pajamas.com\/19-momme-soft-shine-silk-hair-wrap-button-loop-leopard\/"},"modified":"2026-05-08T06:20:03","modified_gmt":"2026-05-08T06:20:03","slug":"19-momme-soft-shine-silk-hair-wrap-button-loop-leopard","status":"publish","type":"product","link":"https:\/\/silk-pajamas.com\/es\/19-momme-soft-shine-silk-hair-wrap-button-loop-leopard\/","title":{"rendered":"19 Momme Abrigo de Pelo de Seda Brillo Suave Bot\u00f3n Lazo Leopardo"},"content":{"rendered":"<p>Confeccionada en seda de brillo suave de 19 momme, esta toalla para el pelo combina el detalle del lazo con bot\u00f3n con un brillo suave y un tacto transpirable. El acabado de leopardo le confiere un aspecto refinado, mientras que la talla \u00fanica ayuda a cubrir la demanda b\u00e1sica. Adecuada para el cuidado diario del cabello y para todos los armarios de temporada. Lavar a mano en fr\u00edo y secar al aire libre.<\/p>","protected":false},"excerpt":{"rendered":"<p>19 Momme Soft Shine toalla de seda para el pelo en Leopardo. Acabado Button Loop, tacto transpirable y talla \u00fanica. Dise\u00f1ada para el cuidado diario del cabello.<\/p>","protected":false},"featured_media":2078,"template":"","meta":{"_gspb_post_css":""},"product_brand":[],"product_cat":[38],"product_tag":[469,444,470],"class_list":{"0":"post-726","1":"product","2":"type-product","3":"status-publish","4":"has-post-thumbnail","6":"product_cat-silk-hair-towel-wrap","7":"product_tag-19-momme-silk-hair-towel-wrap-leopard","8":"product_tag-manufacturer-silk-hair-towel-wrap-for-daily-hair-care","9":"product_tag-soft-shine-silk-hair-towel-wrap-button-loop","11":"first","12":"instock","13":"featured","14":"shipping-taxable","15":"purchasable","16":"product-type-simple"},"_links":{"self":[{"href":"https:\/\/silk-pajamas.com\/es\/wp-json\/wp\/v2\/product\/726","targetHints":{"allow":["GET"]}}],"collection":[{"href":"https:\/\/silk-pajamas.com\/es\/wp-json\/wp\/v2\/product"}],"about":[{"href":"https:\/\/silk-pajamas.com\/es\/wp-json\/wp\/v2\/types\/product"}],"wp:featuredmedia":[{"embeddable":true,"href":"https:\/\/silk-pajamas.com\/es\/wp-json\/wp\/v2\/media\/2078"}],"wp:attachment":[{"href":"https:\/\/silk-pajamas.com\/es\/wp-json\/wp\/v2\/media?parent=726"}],"wp:term":[{"taxonomy":"product_brand","embeddable":true,"href":"https:\/\/silk-pajamas.com\/es\/wp-json\/wp\/v2\/product_brand?post=726"},{"taxonomy":"product_cat","embeddable":true,"href":"https:\/\/silk-pajamas.com\/es\/wp-json\/wp\/v2\/product_cat?post=726"},{"taxonomy":"product_tag","embeddable":true,"href":"https:\/\/silk-pajamas.com\/es\/wp-json\/wp\/v2\/product_tag?post=726"}],"curies":[{"name":"wp","href":"https:\/\/api.w.org\/{rel}","templated":true}]}}