{"id":732,"date":"2026-04-12T15:43:23","date_gmt":"2026-04-12T15:43:23","guid":{"rendered":"https:\/\/silk-pajamas.com\/25-momme-soft-shine-silk-hair-wrap-turban-lilac-supplier\/"},"modified":"2026-05-08T06:33:03","modified_gmt":"2026-05-08T06:33:03","slug":"25-momme-soft-shine-silk-hair-wrap-turban-lilac-supplier","status":"publish","type":"product","link":"https:\/\/silk-pajamas.com\/es\/25-momme-soft-shine-silk-hair-wrap-turban-lilac-supplier\/","title":{"rendered":"25 Momme Turbante de seda de brillo suave para el pelo Proveedor Lila"},"content":{"rendered":"<p>Fabricada con seda de brillo suave de 25 momme, esta toalla para el pelo ofrece un tacto suave, una sensaci\u00f3n delicada en la piel y un movimiento elegante. La construcci\u00f3n de turbante y el color lila mantienen el aspecto pulido para el cuidado diario del cabello. Disponible en talla \u00fanica. Lavar a mano en fr\u00edo y secar al aire libre.<\/p>","protected":false},"excerpt":{"rendered":"<p>25 Momme Toalla para el pelo de seda Soft Shine en color Lila. Acabado turbante, tacto suave y talla \u00fanica. Dise\u00f1ada para el cuidado diario del cabello.<\/p>","protected":false},"featured_media":2108,"template":"","meta":{"_gspb_post_css":""},"product_brand":[],"product_cat":[38],"product_tag":[454,463,476],"class_list":{"0":"post-732","1":"product","2":"type-product","3":"status-publish","4":"has-post-thumbnail","6":"product_cat-silk-hair-towel-wrap","7":"product_tag-25-momme-silk-hair-towel-wrap-lilac","8":"product_tag-soft-shine-silk-hair-towel-wrap-turban","9":"product_tag-supplier-silk-hair-towel-wrap-for-daily-hair-care","11":"first","12":"instock","13":"shipping-taxable","14":"purchasable","15":"product-type-simple"},"_links":{"self":[{"href":"https:\/\/silk-pajamas.com\/es\/wp-json\/wp\/v2\/product\/732","targetHints":{"allow":["GET"]}}],"collection":[{"href":"https:\/\/silk-pajamas.com\/es\/wp-json\/wp\/v2\/product"}],"about":[{"href":"https:\/\/silk-pajamas.com\/es\/wp-json\/wp\/v2\/types\/product"}],"wp:featuredmedia":[{"embeddable":true,"href":"https:\/\/silk-pajamas.com\/es\/wp-json\/wp\/v2\/media\/2108"}],"wp:attachment":[{"href":"https:\/\/silk-pajamas.com\/es\/wp-json\/wp\/v2\/media?parent=732"}],"wp:term":[{"taxonomy":"product_brand","embeddable":true,"href":"https:\/\/silk-pajamas.com\/es\/wp-json\/wp\/v2\/product_brand?post=732"},{"taxonomy":"product_cat","embeddable":true,"href":"https:\/\/silk-pajamas.com\/es\/wp-json\/wp\/v2\/product_cat?post=732"},{"taxonomy":"product_tag","embeddable":true,"href":"https:\/\/silk-pajamas.com\/es\/wp-json\/wp\/v2\/product_tag?post=732"}],"curies":[{"name":"wp","href":"https:\/\/api.w.org\/{rel}","templated":true}]}}