{"id":734,"date":"2026-04-12T15:43:23","date_gmt":"2026-04-12T15:43:23","guid":{"rendered":"https:\/\/silk-pajamas.com\/25-momme-charmeuse-silk-hair-wrap-double-layer-pearl-factory\/"},"modified":"2026-05-08T06:37:01","modified_gmt":"2026-05-08T06:37:01","slug":"25-momme-charmeuse-silk-hair-wrap-double-layer-pearl-factory","status":"publish","type":"product","link":"https:\/\/silk-pajamas.com\/es\/25-momme-charmeuse-silk-hair-wrap-double-layer-pearl-factory\/","title":{"rendered":"25 Momme Charmeuse Seda Pelo Wrap Doble Capa Pearl Factory"},"content":{"rendered":"<p>Confeccionada con seda charmeuse 25 momme, esta toalla para el pelo ofrece una ca\u00edda suave, un tacto agradable y un movimiento elegante. La construcci\u00f3n de doble capa y el color perla mantienen el aspecto pulido para el cuidado del cabello largo. Disponible en talla \u00fanica. Lavar a mano en fr\u00edo y secar al aire libre.<\/p>","protected":false},"excerpt":{"rendered":"<p>25 Momme Charmeuse toalla de seda para el pelo en color perla. Acabado de doble capa, tacto suave y tama\u00f1o One Size. Dise\u00f1ada para el cuidado del cabello largo.<\/p>","protected":false},"featured_media":2133,"template":"","meta":{"_gspb_post_css":""},"product_brand":[],"product_cat":[38],"product_tag":[459,472,466],"class_list":{"0":"post-734","1":"product","2":"type-product","3":"status-publish","4":"has-post-thumbnail","6":"product_cat-silk-hair-towel-wrap","7":"product_tag-25-momme-silk-hair-towel-wrap-pearl","8":"product_tag-charmeuse-silk-hair-towel-wrap-double-layer","9":"product_tag-manufacturer-silk-hair-towel-wrap-for-long-hair-care","11":"first","12":"instock","13":"shipping-taxable","14":"purchasable","15":"product-type-simple"},"_links":{"self":[{"href":"https:\/\/silk-pajamas.com\/es\/wp-json\/wp\/v2\/product\/734","targetHints":{"allow":["GET"]}}],"collection":[{"href":"https:\/\/silk-pajamas.com\/es\/wp-json\/wp\/v2\/product"}],"about":[{"href":"https:\/\/silk-pajamas.com\/es\/wp-json\/wp\/v2\/types\/product"}],"wp:featuredmedia":[{"embeddable":true,"href":"https:\/\/silk-pajamas.com\/es\/wp-json\/wp\/v2\/media\/2133"}],"wp:attachment":[{"href":"https:\/\/silk-pajamas.com\/es\/wp-json\/wp\/v2\/media?parent=734"}],"wp:term":[{"taxonomy":"product_brand","embeddable":true,"href":"https:\/\/silk-pajamas.com\/es\/wp-json\/wp\/v2\/product_brand?post=734"},{"taxonomy":"product_cat","embeddable":true,"href":"https:\/\/silk-pajamas.com\/es\/wp-json\/wp\/v2\/product_cat?post=734"},{"taxonomy":"product_tag","embeddable":true,"href":"https:\/\/silk-pajamas.com\/es\/wp-json\/wp\/v2\/product_tag?post=734"}],"curies":[{"name":"wp","href":"https:\/\/api.w.org\/{rel}","templated":true}]}}