{"id":737,"date":"2026-04-12T15:43:24","date_gmt":"2026-04-12T15:43:24","guid":{"rendered":"https:\/\/silk-pajamas.com\/25-momme-mulberry-silk-hair-wrap-long-hair-floral-vendor\/"},"modified":"2026-05-08T03:44:55","modified_gmt":"2026-05-08T03:44:55","slug":"25-momme-mulberry-silk-hair-wrap-long-hair-floral-vendor","status":"publish","type":"product","link":"https:\/\/silk-pajamas.com\/es\/25-momme-mulberry-silk-hair-wrap-long-hair-floral-vendor\/","title":{"rendered":"25 Momme Mulberry envoltura de pelo de seda de pelo largo vendedor floral"},"content":{"rendered":"<p>Confeccionada con seda de morera de 25 momme, esta toalla envolvente para el pelo ofrece un tacto suave, una sensaci\u00f3n delicada en la piel y un movimiento elegante. La construcci\u00f3n de pelo largo y el color floral mantienen el aspecto pulido para el cuidado diario del cabello. Disponible en talla \u00fanica. Lavar a mano en fr\u00edo y secar al aire libre.<\/p>","protected":false},"excerpt":{"rendered":"<p>25 Momme Mulberry toalla de seda para el pelo en Floral. Acabado de pelo largo, tacto suave y talla \u00fanica. Dise\u00f1ada para el cuidado diario del cabello.<\/p>","protected":false},"featured_media":2039,"template":"","meta":{"_gspb_post_css":""},"product_brand":[],"product_cat":[38],"product_tag":[462,486,443],"class_list":{"0":"post-737","1":"product","2":"type-product","3":"status-publish","4":"has-post-thumbnail","6":"product_cat-silk-hair-towel-wrap","7":"product_tag-25-momme-silk-hair-towel-wrap-floral","8":"product_tag-factory-silk-hair-towel-wrap-for-daily-hair-care","9":"product_tag-mulberry-silk-hair-towel-wrap-long-hair","11":"first","12":"instock","13":"shipping-taxable","14":"purchasable","15":"product-type-simple"},"_links":{"self":[{"href":"https:\/\/silk-pajamas.com\/es\/wp-json\/wp\/v2\/product\/737","targetHints":{"allow":["GET"]}}],"collection":[{"href":"https:\/\/silk-pajamas.com\/es\/wp-json\/wp\/v2\/product"}],"about":[{"href":"https:\/\/silk-pajamas.com\/es\/wp-json\/wp\/v2\/types\/product"}],"wp:featuredmedia":[{"embeddable":true,"href":"https:\/\/silk-pajamas.com\/es\/wp-json\/wp\/v2\/media\/2039"}],"wp:attachment":[{"href":"https:\/\/silk-pajamas.com\/es\/wp-json\/wp\/v2\/media?parent=737"}],"wp:term":[{"taxonomy":"product_brand","embeddable":true,"href":"https:\/\/silk-pajamas.com\/es\/wp-json\/wp\/v2\/product_brand?post=737"},{"taxonomy":"product_cat","embeddable":true,"href":"https:\/\/silk-pajamas.com\/es\/wp-json\/wp\/v2\/product_cat?post=737"},{"taxonomy":"product_tag","embeddable":true,"href":"https:\/\/silk-pajamas.com\/es\/wp-json\/wp\/v2\/product_tag?post=737"}],"curies":[{"name":"wp","href":"https:\/\/api.w.org\/{rel}","templated":true}]}}