{"id":740,"date":"2026-04-12T15:43:24","date_gmt":"2026-04-12T15:43:24","guid":{"rendered":"https:\/\/silk-pajamas.com\/22-momme-double-layer-silk-hair-wrap-double-layer-lilac\/"},"modified":"2026-05-08T03:50:20","modified_gmt":"2026-05-08T03:50:20","slug":"22-momme-double-layer-silk-hair-wrap-double-layer-lilac","status":"publish","type":"product","link":"https:\/\/silk-pajamas.com\/es\/22-momme-double-layer-silk-hair-wrap-double-layer-lilac\/","title":{"rendered":"22 Momme Pelo de Seda de Doble Capa Doble Capa Lila"},"content":{"rendered":"<p>Esta toalla para el pelo est\u00e1 hecha de seda de doble capa de 22 momme en tono lila. Es de doble capa, suave al tacto y c\u00f3moda para llevarla de viaje. Admite tallas \u00fanicas y es ideal para llevar en verano, para regalar o para el d\u00eda a d\u00eda. Lavar a mano en fr\u00edo y secar al aire libre.<\/p>","protected":false},"excerpt":{"rendered":"<p>Toalla de seda de doble capa para el pelo Momme 22 en color lila. Acabado Double Layer, tacto ligero y tama\u00f1o One Size. Dise\u00f1ada para uso en viajes.<\/p>","protected":false},"featured_media":2051,"template":"","meta":{"_gspb_post_css":""},"product_brand":[],"product_cat":[38],"product_tag":[445,455,487],"class_list":{"0":"post-740","1":"product","2":"type-product","3":"status-publish","4":"has-post-thumbnail","6":"product_cat-silk-hair-towel-wrap","7":"product_tag-22-momme-silk-hair-towel-wrap-lilac","8":"product_tag-double-layer-silk-hair-towel-wrap-double-layer","9":"product_tag-vendor-silk-hair-towel-wrap-for-travel-use","11":"first","12":"instock","13":"shipping-taxable","14":"purchasable","15":"product-type-simple"},"_links":{"self":[{"href":"https:\/\/silk-pajamas.com\/es\/wp-json\/wp\/v2\/product\/740","targetHints":{"allow":["GET"]}}],"collection":[{"href":"https:\/\/silk-pajamas.com\/es\/wp-json\/wp\/v2\/product"}],"about":[{"href":"https:\/\/silk-pajamas.com\/es\/wp-json\/wp\/v2\/types\/product"}],"wp:featuredmedia":[{"embeddable":true,"href":"https:\/\/silk-pajamas.com\/es\/wp-json\/wp\/v2\/media\/2051"}],"wp:attachment":[{"href":"https:\/\/silk-pajamas.com\/es\/wp-json\/wp\/v2\/media?parent=740"}],"wp:term":[{"taxonomy":"product_brand","embeddable":true,"href":"https:\/\/silk-pajamas.com\/es\/wp-json\/wp\/v2\/product_brand?post=740"},{"taxonomy":"product_cat","embeddable":true,"href":"https:\/\/silk-pajamas.com\/es\/wp-json\/wp\/v2\/product_cat?post=740"},{"taxonomy":"product_tag","embeddable":true,"href":"https:\/\/silk-pajamas.com\/es\/wp-json\/wp\/v2\/product_tag?post=740"}],"curies":[{"name":"wp","href":"https:\/\/api.w.org\/{rel}","templated":true}]}}