{"id":742,"date":"2026-04-12T15:43:24","date_gmt":"2026-04-12T15:43:24","guid":{"rendered":"https:\/\/silk-pajamas.com\/22-momme-double-layer-silk-scarf-oblong-navy-supplier\/"},"modified":"2026-05-08T03:58:51","modified_gmt":"2026-05-08T03:58:51","slug":"22-momme-double-layer-silk-scarf-oblong-navy-supplier","status":"publish","type":"product","link":"https:\/\/silk-pajamas.com\/es\/22-momme-double-layer-silk-scarf-oblong-navy-supplier\/","title":{"rendered":"22 Momme Pa\u00f1uelo de seda de doble capa Oblong Navy Proveedor"},"content":{"rendered":"<p>Confeccionado en seda de doble capa de 22 momme, este pa\u00f1uelo de seda combina el detalle oblongo con un brillo suave y un tacto transpirable. El acabado azul marino le confiere un aspecto refinado, mientras que las medidas 53x53cm ayudan a cubrir la demanda b\u00e1sica. Adecuado para armarios femeninos y primaverales. Lavar a mano en fr\u00edo o en ciclo delicado.<\/p>","protected":false},"excerpt":{"rendered":"<p>Pa\u00f1uelo de seda de doble capa 22 Momme en azul marino. Acabado oblongo, tacto transpirable y tama\u00f1o 53x53cm. Dise\u00f1ado para la mujer.<\/p>","protected":false},"featured_media":2057,"template":"","meta":{"_gspb_post_css":""},"product_brand":[],"product_cat":[34],"product_tag":[491,492,493],"class_list":{"0":"post-742","1":"product","2":"type-product","3":"status-publish","4":"has-post-thumbnail","6":"product_cat-silk-scarves","7":"product_tag-22-momme-silk-scarf-navy","8":"product_tag-double-layer-silk-scarf-oblong","9":"product_tag-vendor-silk-scarf-for-women","11":"first","12":"instock","13":"shipping-taxable","14":"purchasable","15":"product-type-simple"},"_links":{"self":[{"href":"https:\/\/silk-pajamas.com\/es\/wp-json\/wp\/v2\/product\/742","targetHints":{"allow":["GET"]}}],"collection":[{"href":"https:\/\/silk-pajamas.com\/es\/wp-json\/wp\/v2\/product"}],"about":[{"href":"https:\/\/silk-pajamas.com\/es\/wp-json\/wp\/v2\/types\/product"}],"wp:featuredmedia":[{"embeddable":true,"href":"https:\/\/silk-pajamas.com\/es\/wp-json\/wp\/v2\/media\/2057"}],"wp:attachment":[{"href":"https:\/\/silk-pajamas.com\/es\/wp-json\/wp\/v2\/media?parent=742"}],"wp:term":[{"taxonomy":"product_brand","embeddable":true,"href":"https:\/\/silk-pajamas.com\/es\/wp-json\/wp\/v2\/product_brand?post=742"},{"taxonomy":"product_cat","embeddable":true,"href":"https:\/\/silk-pajamas.com\/es\/wp-json\/wp\/v2\/product_cat?post=742"},{"taxonomy":"product_tag","embeddable":true,"href":"https:\/\/silk-pajamas.com\/es\/wp-json\/wp\/v2\/product_tag?post=742"}],"curies":[{"name":"wp","href":"https:\/\/api.w.org\/{rel}","templated":true}]}}