{"id":743,"date":"2026-04-12T15:43:24","date_gmt":"2026-04-12T15:43:24","guid":{"rendered":"https:\/\/silk-pajamas.com\/19-momme-double-layer-mulberry-silk-scarf-oblong-ivory\/"},"modified":"2026-05-08T04:02:09","modified_gmt":"2026-05-08T04:02:09","slug":"19-momme-double-layer-mulberry-silk-scarf-oblong-ivory","status":"publish","type":"product","link":"https:\/\/silk-pajamas.com\/es\/19-momme-double-layer-mulberry-silk-scarf-oblong-ivory\/","title":{"rendered":"19 Momme Pa\u00f1uelo de seda de morera de doble capa oblongo marfil"},"content":{"rendered":"<p>Confeccionado en seda de doble capa de 19 momme, este pa\u00f1uelo de seda combina el detalle oblongo con un brillo suave y un tacto transpirable. El acabado marfil le confiere un aspecto refinado, mientras que las medidas 90x90cm ayudan a cubrir la demanda b\u00e1sica. Adecuado para surtidos de regalo y armarios de oto\u00f1o. Lavar a mano en fr\u00edo o en ciclo delicado.<\/p>","protected":false},"excerpt":{"rendered":"<p>19 Pa\u00f1uelo de seda Momme Double Layer en color marfil. Acabado oblongo, tacto suave y tama\u00f1o 90x90cm. Dise\u00f1ado para surtidos de regalo.<\/p>","protected":false},"featured_media":2058,"template":"","meta":{"_gspb_post_css":""},"product_brand":[],"product_cat":[34],"product_tag":[494,492,495],"class_list":{"0":"post-743","1":"product","2":"type-product","3":"status-publish","4":"has-post-thumbnail","6":"product_cat-silk-scarves","7":"product_tag-19-momme-silk-scarf-ivory","8":"product_tag-double-layer-silk-scarf-oblong","9":"product_tag-supplier-silk-scarf-for-gift-assortments","11":"first","12":"instock","13":"shipping-taxable","14":"purchasable","15":"product-type-simple"},"_links":{"self":[{"href":"https:\/\/silk-pajamas.com\/es\/wp-json\/wp\/v2\/product\/743","targetHints":{"allow":["GET"]}}],"collection":[{"href":"https:\/\/silk-pajamas.com\/es\/wp-json\/wp\/v2\/product"}],"about":[{"href":"https:\/\/silk-pajamas.com\/es\/wp-json\/wp\/v2\/types\/product"}],"wp:featuredmedia":[{"embeddable":true,"href":"https:\/\/silk-pajamas.com\/es\/wp-json\/wp\/v2\/media\/2058"}],"wp:attachment":[{"href":"https:\/\/silk-pajamas.com\/es\/wp-json\/wp\/v2\/media?parent=743"}],"wp:term":[{"taxonomy":"product_brand","embeddable":true,"href":"https:\/\/silk-pajamas.com\/es\/wp-json\/wp\/v2\/product_brand?post=743"},{"taxonomy":"product_cat","embeddable":true,"href":"https:\/\/silk-pajamas.com\/es\/wp-json\/wp\/v2\/product_cat?post=743"},{"taxonomy":"product_tag","embeddable":true,"href":"https:\/\/silk-pajamas.com\/es\/wp-json\/wp\/v2\/product_tag?post=743"}],"curies":[{"name":"wp","href":"https:\/\/api.w.org\/{rel}","templated":true}]}}