{"id":744,"date":"2026-04-12T15:43:24","date_gmt":"2026-04-12T15:43:24","guid":{"rendered":"https:\/\/silk-pajamas.com\/25-momme-charmeuse-mulberry-silk-scarf-hand-rolled-pearl\/"},"modified":"2026-05-08T06:09:40","modified_gmt":"2026-05-08T06:09:40","slug":"25-momme-charmeuse-mulberry-silk-scarf-hand-rolled-pearl","status":"publish","type":"product","link":"https:\/\/silk-pajamas.com\/es\/25-momme-charmeuse-mulberry-silk-scarf-hand-rolled-pearl\/","title":{"rendered":"25 Momme Charmeuse Pa\u00f1uelo de seda de morera enrollado a mano Perla"},"content":{"rendered":"<p>Confeccionado en seda charmeuse 25 momme, este pa\u00f1uelo de seda combina detalles enrollados a mano con un brillo suave y un tacto transpirable. El acabado perlado le confiere un aspecto refinado, mientras que el tama\u00f1o de 65x65 cm ayuda a cubrir la demanda b\u00e1sica. Adecuado para viajes y armarios de oto\u00f1o. Lavar a mano en fr\u00edo o en ciclo delicado.<\/p>","protected":false},"excerpt":{"rendered":"<p>25 Pa\u00f1uelo de seda Momme Charmeuse en color Perla. Acabado enrollado a mano, tacto termorregulador y tama\u00f1o 65x65cm. Dise\u00f1ado para su uso en viajes.<\/p>","protected":false},"featured_media":2062,"template":"","meta":{"_gspb_post_css":""},"product_brand":[],"product_cat":[34],"product_tag":[496,497,498],"class_list":{"0":"post-744","1":"product","2":"type-product","3":"status-publish","4":"has-post-thumbnail","6":"product_cat-silk-scarves","7":"product_tag-25-momme-silk-scarf-pearl","8":"product_tag-charmeuse-silk-scarf-hand-rolled","9":"product_tag-factory-silk-scarf-for-travel-use","11":"first","12":"instock","13":"shipping-taxable","14":"purchasable","15":"product-type-simple"},"_links":{"self":[{"href":"https:\/\/silk-pajamas.com\/es\/wp-json\/wp\/v2\/product\/744","targetHints":{"allow":["GET"]}}],"collection":[{"href":"https:\/\/silk-pajamas.com\/es\/wp-json\/wp\/v2\/product"}],"about":[{"href":"https:\/\/silk-pajamas.com\/es\/wp-json\/wp\/v2\/types\/product"}],"wp:featuredmedia":[{"embeddable":true,"href":"https:\/\/silk-pajamas.com\/es\/wp-json\/wp\/v2\/media\/2062"}],"wp:attachment":[{"href":"https:\/\/silk-pajamas.com\/es\/wp-json\/wp\/v2\/media?parent=744"}],"wp:term":[{"taxonomy":"product_brand","embeddable":true,"href":"https:\/\/silk-pajamas.com\/es\/wp-json\/wp\/v2\/product_brand?post=744"},{"taxonomy":"product_cat","embeddable":true,"href":"https:\/\/silk-pajamas.com\/es\/wp-json\/wp\/v2\/product_cat?post=744"},{"taxonomy":"product_tag","embeddable":true,"href":"https:\/\/silk-pajamas.com\/es\/wp-json\/wp\/v2\/product_tag?post=744"}],"curies":[{"name":"wp","href":"https:\/\/api.w.org\/{rel}","templated":true}]}}