{"id":745,"date":"2026-04-12T15:43:25","date_gmt":"2026-04-12T15:43:25","guid":{"rendered":"https:\/\/silk-pajamas.com\/25-momme-double-layer-mulberry-silk-scarf-double-sided-sage\/"},"modified":"2026-05-08T03:00:49","modified_gmt":"2026-05-08T03:00:49","slug":"25-momme-double-layer-mulberry-silk-scarf-double-sided-sage","status":"publish","type":"product","link":"https:\/\/silk-pajamas.com\/es\/25-momme-double-layer-mulberry-silk-scarf-double-sided-sage\/","title":{"rendered":"25 Momme Pa\u00f1uelo Doble Capa Seda Morera Doble Cara Salvia"},"content":{"rendered":"<p>Confeccionado con seda de doble capa de 25 micras, este pa\u00f1uelo de seda ofrece una ca\u00edda suave, un tacto agradable y un movimiento elegante. La construcci\u00f3n de doble cara y el color salvia mantienen el aspecto pulido para el uso de viaje. Disponible en 90x90cm. Lavar a mano en fr\u00edo o en ciclo suave.<\/p>","protected":false},"excerpt":{"rendered":"<p>25 Pa\u00f1uelo de seda Momme Double Layer en Sage. Acabado de doble cara, suave ca\u00edda y tama\u00f1o de 90x90 cm. Dise\u00f1ado para viajes.<\/p>","protected":false},"featured_media":1977,"template":"","meta":{"_gspb_post_css":""},"product_brand":[],"product_cat":[34],"product_tag":[499,500,498],"class_list":{"0":"post-745","1":"product","2":"type-product","3":"status-publish","4":"has-post-thumbnail","6":"product_cat-silk-scarves","7":"product_tag-25-momme-silk-scarf-sage","8":"product_tag-double-layer-silk-scarf-double-sided","9":"product_tag-factory-silk-scarf-for-travel-use","11":"first","12":"instock","13":"shipping-taxable","14":"purchasable","15":"product-type-simple"},"_links":{"self":[{"href":"https:\/\/silk-pajamas.com\/es\/wp-json\/wp\/v2\/product\/745","targetHints":{"allow":["GET"]}}],"collection":[{"href":"https:\/\/silk-pajamas.com\/es\/wp-json\/wp\/v2\/product"}],"about":[{"href":"https:\/\/silk-pajamas.com\/es\/wp-json\/wp\/v2\/types\/product"}],"wp:featuredmedia":[{"embeddable":true,"href":"https:\/\/silk-pajamas.com\/es\/wp-json\/wp\/v2\/media\/1977"}],"wp:attachment":[{"href":"https:\/\/silk-pajamas.com\/es\/wp-json\/wp\/v2\/media?parent=745"}],"wp:term":[{"taxonomy":"product_brand","embeddable":true,"href":"https:\/\/silk-pajamas.com\/es\/wp-json\/wp\/v2\/product_brand?post=745"},{"taxonomy":"product_cat","embeddable":true,"href":"https:\/\/silk-pajamas.com\/es\/wp-json\/wp\/v2\/product_cat?post=745"},{"taxonomy":"product_tag","embeddable":true,"href":"https:\/\/silk-pajamas.com\/es\/wp-json\/wp\/v2\/product_tag?post=745"}],"curies":[{"name":"wp","href":"https:\/\/api.w.org\/{rel}","templated":true}]}}