{"id":748,"date":"2026-04-12T15:43:25","date_gmt":"2026-04-12T15:43:25","guid":{"rendered":"https:\/\/silk-pajamas.com\/22-momme-soft-shine-mulberry-silk-scarf-twilly-sage\/"},"modified":"2026-05-08T03:10:42","modified_gmt":"2026-05-08T03:10:42","slug":"22-momme-soft-shine-mulberry-silk-scarf-twilly-sage","status":"publish","type":"product","link":"https:\/\/silk-pajamas.com\/es\/22-momme-soft-shine-mulberry-silk-scarf-twilly-sage\/","title":{"rendered":"22 Pa\u00f1uelo de seda Momme Soft Shine Mulberry Twilly Sage"},"content":{"rendered":"<p>Confeccionado con seda de brillo suave de 22 momme, este pa\u00f1uelo de seda ofrece ligereza, un tacto suave en la piel y un movimiento elegante. La construcci\u00f3n twilly y el color salvia mantienen el look pulido para los hombres. Disponible en 180x65cm. Lavar a mano en fr\u00edo o en ciclo suave.<\/p>","protected":false},"excerpt":{"rendered":"<p>22 Pa\u00f1uelo de seda Momme Soft Shine en Sage. Acabado Twilly, tacto ligero y tama\u00f1o 180x65cm. Dise\u00f1ado para hombres.<\/p>","protected":false},"featured_media":1992,"template":"","meta":{"_gspb_post_css":""},"product_brand":[],"product_cat":[34],"product_tag":[506,508,507],"class_list":{"0":"post-748","1":"product","2":"type-product","3":"status-publish","4":"has-post-thumbnail","6":"product_cat-silk-scarves","7":"product_tag-22-momme-silk-scarf-sage","8":"product_tag-factory-silk-scarf-for-men","9":"product_tag-soft-shine-silk-scarf-twilly","11":"first","12":"instock","13":"shipping-taxable","14":"purchasable","15":"product-type-simple"},"_links":{"self":[{"href":"https:\/\/silk-pajamas.com\/es\/wp-json\/wp\/v2\/product\/748","targetHints":{"allow":["GET"]}}],"collection":[{"href":"https:\/\/silk-pajamas.com\/es\/wp-json\/wp\/v2\/product"}],"about":[{"href":"https:\/\/silk-pajamas.com\/es\/wp-json\/wp\/v2\/types\/product"}],"wp:featuredmedia":[{"embeddable":true,"href":"https:\/\/silk-pajamas.com\/es\/wp-json\/wp\/v2\/media\/1992"}],"wp:attachment":[{"href":"https:\/\/silk-pajamas.com\/es\/wp-json\/wp\/v2\/media?parent=748"}],"wp:term":[{"taxonomy":"product_brand","embeddable":true,"href":"https:\/\/silk-pajamas.com\/es\/wp-json\/wp\/v2\/product_brand?post=748"},{"taxonomy":"product_cat","embeddable":true,"href":"https:\/\/silk-pajamas.com\/es\/wp-json\/wp\/v2\/product_cat?post=748"},{"taxonomy":"product_tag","embeddable":true,"href":"https:\/\/silk-pajamas.com\/es\/wp-json\/wp\/v2\/product_tag?post=748"}],"curies":[{"name":"wp","href":"https:\/\/api.w.org\/{rel}","templated":true}]}}