{"id":752,"date":"2026-04-12T15:43:25","date_gmt":"2026-04-12T15:43:25","guid":{"rendered":"https:\/\/silk-pajamas.com\/19-momme-charmeuse-mulberry-silk-scarf-double-sided-silver\/"},"modified":"2026-05-08T03:20:13","modified_gmt":"2026-05-08T03:20:13","slug":"19-momme-charmeuse-mulberry-silk-scarf-double-sided-silver","status":"publish","type":"product","link":"https:\/\/silk-pajamas.com\/es\/19-momme-charmeuse-mulberry-silk-scarf-double-sided-silver\/","title":{"rendered":"19 Pa\u00f1uelo de seda Momme Charmeuse Mulberry Doble Cara Plata"},"content":{"rendered":"<p>Confeccionado en seda charmeuse 19 momme, este pa\u00f1uelo de seda combina el detalle de doble cara con un brillo suave y un tacto transpirable. El acabado plateado le confiere un aspecto refinado, mientras que las medidas 53x53cm ayudan a cubrir la demanda b\u00e1sica. Adecuado para hombres y armarios de todas las temporadas. Lavar a mano en fr\u00edo o en ciclo delicado.<\/p>","protected":false},"excerpt":{"rendered":"<p>19 Pa\u00f1uelo de seda Momme Charmeuse en color Plata. Acabado de doble cara, suave ca\u00edda y tama\u00f1o 53x53cm. Dise\u00f1ado para hombre.<\/p>","protected":false},"featured_media":2007,"template":"","meta":{"_gspb_post_css":""},"product_brand":[],"product_cat":[34],"product_tag":[515,516,517],"class_list":{"0":"post-752","1":"product","2":"type-product","3":"status-publish","4":"has-post-thumbnail","6":"product_cat-silk-scarves","7":"product_tag-19-momme-silk-scarf-silver","8":"product_tag-charmeuse-silk-scarf-double-sided","9":"product_tag-manufacturer-silk-scarf-for-men","11":"first","12":"instock","13":"shipping-taxable","14":"purchasable","15":"product-type-simple"},"_links":{"self":[{"href":"https:\/\/silk-pajamas.com\/es\/wp-json\/wp\/v2\/product\/752","targetHints":{"allow":["GET"]}}],"collection":[{"href":"https:\/\/silk-pajamas.com\/es\/wp-json\/wp\/v2\/product"}],"about":[{"href":"https:\/\/silk-pajamas.com\/es\/wp-json\/wp\/v2\/types\/product"}],"wp:featuredmedia":[{"embeddable":true,"href":"https:\/\/silk-pajamas.com\/es\/wp-json\/wp\/v2\/media\/2007"}],"wp:attachment":[{"href":"https:\/\/silk-pajamas.com\/es\/wp-json\/wp\/v2\/media?parent=752"}],"wp:term":[{"taxonomy":"product_brand","embeddable":true,"href":"https:\/\/silk-pajamas.com\/es\/wp-json\/wp\/v2\/product_brand?post=752"},{"taxonomy":"product_cat","embeddable":true,"href":"https:\/\/silk-pajamas.com\/es\/wp-json\/wp\/v2\/product_cat?post=752"},{"taxonomy":"product_tag","embeddable":true,"href":"https:\/\/silk-pajamas.com\/es\/wp-json\/wp\/v2\/product_tag?post=752"}],"curies":[{"name":"wp","href":"https:\/\/api.w.org\/{rel}","templated":true}]}}