{"id":753,"date":"2026-04-12T15:43:25","date_gmt":"2026-04-12T15:43:25","guid":{"rendered":"https:\/\/silk-pajamas.com\/19-momme-soft-shine-silk-scarf-double-sided-coffee\/"},"modified":"2026-05-08T03:22:18","modified_gmt":"2026-05-08T03:22:18","slug":"19-momme-soft-shine-silk-scarf-double-sided-coffee","status":"publish","type":"product","link":"https:\/\/silk-pajamas.com\/es\/19-momme-soft-shine-silk-scarf-double-sided-coffee\/","title":{"rendered":"19 Pa\u00f1uelo de seda Momme Soft Shine Doble cara Caf\u00e9"},"content":{"rendered":"<p>Este pa\u00f1uelo de seda est\u00e1 confeccionado en seda de brillo suave de 19 momme en tono caf\u00e9. Tiene doble cara, un tacto suave y una ca\u00edda c\u00f3moda para llevar de viaje. Admite tama\u00f1os de 53x53 cm y es ideal para llevar en cualquier \u00e9poca del a\u00f1o, para regalar o para el d\u00eda a d\u00eda. Lavar a mano en fr\u00edo o en ciclo delicado.<\/p>","protected":false},"excerpt":{"rendered":"<p>19 Pa\u00f1uelo de seda Momme Soft Shine en color Caf\u00e9. Acabado de doble cara, tacto resistente a las arrugas y tama\u00f1o de 53x53cm. Dise\u00f1ado para viajes.<\/p>","protected":false},"featured_media":2012,"template":"","meta":{"_gspb_post_css":""},"product_brand":[],"product_cat":[34],"product_tag":[518,520,519],"class_list":{"0":"post-753","1":"product","2":"type-product","3":"status-publish","4":"has-post-thumbnail","6":"product_cat-silk-scarves","7":"product_tag-19-momme-silk-scarf-coffee","8":"product_tag-manufacturer-silk-scarf-for-travel-use","9":"product_tag-soft-shine-silk-scarf-double-sided","11":"first","12":"instock","13":"shipping-taxable","14":"purchasable","15":"product-type-simple"},"_links":{"self":[{"href":"https:\/\/silk-pajamas.com\/es\/wp-json\/wp\/v2\/product\/753","targetHints":{"allow":["GET"]}}],"collection":[{"href":"https:\/\/silk-pajamas.com\/es\/wp-json\/wp\/v2\/product"}],"about":[{"href":"https:\/\/silk-pajamas.com\/es\/wp-json\/wp\/v2\/types\/product"}],"wp:featuredmedia":[{"embeddable":true,"href":"https:\/\/silk-pajamas.com\/es\/wp-json\/wp\/v2\/media\/2012"}],"wp:attachment":[{"href":"https:\/\/silk-pajamas.com\/es\/wp-json\/wp\/v2\/media?parent=753"}],"wp:term":[{"taxonomy":"product_brand","embeddable":true,"href":"https:\/\/silk-pajamas.com\/es\/wp-json\/wp\/v2\/product_brand?post=753"},{"taxonomy":"product_cat","embeddable":true,"href":"https:\/\/silk-pajamas.com\/es\/wp-json\/wp\/v2\/product_cat?post=753"},{"taxonomy":"product_tag","embeddable":true,"href":"https:\/\/silk-pajamas.com\/es\/wp-json\/wp\/v2\/product_tag?post=753"}],"curies":[{"name":"wp","href":"https:\/\/api.w.org\/{rel}","templated":true}]}}