{"id":757,"date":"2026-04-12T15:43:25","date_gmt":"2026-04-12T15:43:25","guid":{"rendered":"https:\/\/silk-pajamas.com\/22-momme-charmeuse-silk-scarf-square-floral-manufacturer\/"},"modified":"2026-05-08T03:38:29","modified_gmt":"2026-05-08T03:38:29","slug":"22-momme-charmeuse-silk-scarf-square-floral-manufacturer","status":"publish","type":"product","link":"https:\/\/silk-pajamas.com\/es\/22-momme-charmeuse-silk-scarf-square-floral-manufacturer\/","title":{"rendered":"22 Momme Charmeuse Pa\u00f1uelo de Seda Cuadrado Floral Fabricante"},"content":{"rendered":"<p>Confeccionado en seda charmeuse 22 momme, este pa\u00f1uelo de seda combina detalles cuadrados con un brillo suave y un tacto transpirable. El acabado floral le confiere un aspecto refinado, mientras que las medidas 180x65 cm ayudan a cubrir la demanda b\u00e1sica. Adecuado para hombres y armarios de verano. Lavar a mano en fr\u00edo o en ciclo delicado.<\/p>","protected":false},"excerpt":{"rendered":"<p>Pa\u00f1uelo de seda Momme Charmeuse 22 en Floral. Acabado cuadrado, tacto transpirable y tama\u00f1o 180x65cm. Dise\u00f1ado para hombres.<\/p>","protected":false},"featured_media":2030,"template":"","meta":{"_gspb_post_css":""},"product_brand":[],"product_cat":[34],"product_tag":[527,510,528],"class_list":{"0":"post-757","1":"product","2":"type-product","3":"status-publish","4":"has-post-thumbnail","6":"product_cat-silk-scarves","7":"product_tag-22-momme-silk-scarf-floral","8":"product_tag-charmeuse-silk-scarf-square","9":"product_tag-wholesale-silk-scarf-for-men","11":"first","12":"instock","13":"shipping-taxable","14":"purchasable","15":"product-type-simple"},"_links":{"self":[{"href":"https:\/\/silk-pajamas.com\/es\/wp-json\/wp\/v2\/product\/757","targetHints":{"allow":["GET"]}}],"collection":[{"href":"https:\/\/silk-pajamas.com\/es\/wp-json\/wp\/v2\/product"}],"about":[{"href":"https:\/\/silk-pajamas.com\/es\/wp-json\/wp\/v2\/types\/product"}],"wp:featuredmedia":[{"embeddable":true,"href":"https:\/\/silk-pajamas.com\/es\/wp-json\/wp\/v2\/media\/2030"}],"wp:attachment":[{"href":"https:\/\/silk-pajamas.com\/es\/wp-json\/wp\/v2\/media?parent=757"}],"wp:term":[{"taxonomy":"product_brand","embeddable":true,"href":"https:\/\/silk-pajamas.com\/es\/wp-json\/wp\/v2\/product_brand?post=757"},{"taxonomy":"product_cat","embeddable":true,"href":"https:\/\/silk-pajamas.com\/es\/wp-json\/wp\/v2\/product_cat?post=757"},{"taxonomy":"product_tag","embeddable":true,"href":"https:\/\/silk-pajamas.com\/es\/wp-json\/wp\/v2\/product_tag?post=757"}],"curies":[{"name":"wp","href":"https:\/\/api.w.org\/{rel}","templated":true}]}}