{"id":760,"date":"2026-04-12T15:43:26","date_gmt":"2026-04-12T15:43:26","guid":{"rendered":"https:\/\/silk-pajamas.com\/22-momme-double-layer-mulberry-silk-scarf-hand-rolled-ivory\/"},"modified":"2026-05-06T09:30:39","modified_gmt":"2026-05-06T09:30:39","slug":"22-momme-double-layer-mulberry-silk-scarf-hand-rolled-ivory","status":"publish","type":"product","link":"https:\/\/silk-pajamas.com\/es\/22-momme-double-layer-mulberry-silk-scarf-hand-rolled-ivory\/","title":{"rendered":"22 Momme Pa\u00f1uelo de seda de morera de doble capa enrollado a mano Marfil"},"content":{"rendered":"<p>Confeccionado en seda de doble capa de 22 momme, este pa\u00f1uelo de seda combina detalles enrollados a mano con un brillo suave y un tacto transpirable. El acabado marfil le confiere un aspecto refinado, mientras que las medidas 65x65cm ayudan a cubrir la demanda b\u00e1sica. Adecuado para viajes y armarios de verano. Lavar a mano en fr\u00edo o en ciclo delicado.<\/p>","protected":false},"excerpt":{"rendered":"<p>Pa\u00f1uelo de seda de doble capa 22 Momme en color marfil. Acabado enrollado a mano, tacto ligero y tama\u00f1o de 65x65cm. Dise\u00f1ado para viajes.<\/p>","protected":false},"featured_media":1940,"template":"","meta":{"_gspb_post_css":""},"product_brand":[],"product_cat":[34],"product_tag":[531,532,533],"class_list":{"0":"post-760","1":"product","2":"type-product","3":"status-publish","4":"has-post-thumbnail","6":"product_cat-silk-scarves","7":"product_tag-22-momme-silk-scarf-ivory","8":"product_tag-double-layer-silk-scarf-hand-rolled","9":"product_tag-vendor-silk-scarf-for-travel-use","11":"first","12":"instock","13":"shipping-taxable","14":"purchasable","15":"product-type-simple"},"_links":{"self":[{"href":"https:\/\/silk-pajamas.com\/es\/wp-json\/wp\/v2\/product\/760","targetHints":{"allow":["GET"]}}],"collection":[{"href":"https:\/\/silk-pajamas.com\/es\/wp-json\/wp\/v2\/product"}],"about":[{"href":"https:\/\/silk-pajamas.com\/es\/wp-json\/wp\/v2\/types\/product"}],"wp:featuredmedia":[{"embeddable":true,"href":"https:\/\/silk-pajamas.com\/es\/wp-json\/wp\/v2\/media\/1940"}],"wp:attachment":[{"href":"https:\/\/silk-pajamas.com\/es\/wp-json\/wp\/v2\/media?parent=760"}],"wp:term":[{"taxonomy":"product_brand","embeddable":true,"href":"https:\/\/silk-pajamas.com\/es\/wp-json\/wp\/v2\/product_brand?post=760"},{"taxonomy":"product_cat","embeddable":true,"href":"https:\/\/silk-pajamas.com\/es\/wp-json\/wp\/v2\/product_cat?post=760"},{"taxonomy":"product_tag","embeddable":true,"href":"https:\/\/silk-pajamas.com\/es\/wp-json\/wp\/v2\/product_tag?post=760"}],"curies":[{"name":"wp","href":"https:\/\/api.w.org\/{rel}","templated":true}]}}