{"id":762,"date":"2026-04-12T15:43:26","date_gmt":"2026-04-12T15:43:26","guid":{"rendered":"https:\/\/silk-pajamas.com\/19-momme-charmeuse-mulberry-silk-scarf-square-leopard\/"},"modified":"2026-05-06T09:40:16","modified_gmt":"2026-05-06T09:40:16","slug":"19-momme-charmeuse-mulberry-silk-scarf-square-leopard","status":"publish","type":"product","link":"https:\/\/silk-pajamas.com\/es\/19-momme-charmeuse-mulberry-silk-scarf-square-leopard\/","title":{"rendered":"19 Momme Charmeuse Pa\u00f1uelo de seda Mulberry Cuadrado Leopardo"},"content":{"rendered":"<p>Confeccionado en seda charmeuse 19 momme, este pa\u00f1uelo de seda combina detalles cuadrados con un brillo suave y un tacto transpirable. El acabado de leopardo le confiere un aspecto refinado, mientras que las medidas 180x65cm ayudan a cubrir la demanda b\u00e1sica. Adecuado para hombres y armarios de todas las temporadas. Lavar a mano en fr\u00edo o en ciclo delicado.<\/p>","protected":false},"excerpt":{"rendered":"<p>19 Pa\u00f1uelo de seda Momme Charmeuse en Leopardo. Acabado cuadrado, suave ca\u00edda y tama\u00f1o 180x65cm. Dise\u00f1ado para hombre.<\/p>","protected":false},"featured_media":1950,"template":"","meta":{"_gspb_post_css":""},"product_brand":[],"product_cat":[34],"product_tag":[535,510,528],"class_list":{"0":"post-762","1":"product","2":"type-product","3":"status-publish","4":"has-post-thumbnail","6":"product_cat-silk-scarves","7":"product_tag-19-momme-silk-scarf-leopard","8":"product_tag-charmeuse-silk-scarf-square","9":"product_tag-wholesale-silk-scarf-for-men","11":"first","12":"instock","13":"shipping-taxable","14":"purchasable","15":"product-type-simple"},"_links":{"self":[{"href":"https:\/\/silk-pajamas.com\/es\/wp-json\/wp\/v2\/product\/762","targetHints":{"allow":["GET"]}}],"collection":[{"href":"https:\/\/silk-pajamas.com\/es\/wp-json\/wp\/v2\/product"}],"about":[{"href":"https:\/\/silk-pajamas.com\/es\/wp-json\/wp\/v2\/types\/product"}],"wp:featuredmedia":[{"embeddable":true,"href":"https:\/\/silk-pajamas.com\/es\/wp-json\/wp\/v2\/media\/1950"}],"wp:attachment":[{"href":"https:\/\/silk-pajamas.com\/es\/wp-json\/wp\/v2\/media?parent=762"}],"wp:term":[{"taxonomy":"product_brand","embeddable":true,"href":"https:\/\/silk-pajamas.com\/es\/wp-json\/wp\/v2\/product_brand?post=762"},{"taxonomy":"product_cat","embeddable":true,"href":"https:\/\/silk-pajamas.com\/es\/wp-json\/wp\/v2\/product_cat?post=762"},{"taxonomy":"product_tag","embeddable":true,"href":"https:\/\/silk-pajamas.com\/es\/wp-json\/wp\/v2\/product_tag?post=762"}],"curies":[{"name":"wp","href":"https:\/\/api.w.org\/{rel}","templated":true}]}}