{"id":763,"date":"2026-04-12T15:43:26","date_gmt":"2026-04-12T15:43:26","guid":{"rendered":"https:\/\/silk-pajamas.com\/19-momme-charmeuse-mulberry-silk-scarf-oblong-champagne\/"},"modified":"2026-05-06T09:42:39","modified_gmt":"2026-05-06T09:42:39","slug":"19-momme-charmeuse-mulberry-silk-scarf-oblong-champagne","status":"publish","type":"product","link":"https:\/\/silk-pajamas.com\/es\/19-momme-charmeuse-mulberry-silk-scarf-oblong-champagne\/","title":{"rendered":"19 Momme Charmeuse Pa\u00f1uelo de seda de morera oblongo Champ\u00e1n"},"content":{"rendered":"<p>Confeccionado en seda charmeuse 19 momme, este pa\u00f1uelo de seda combina el detalle oblongo con un brillo suave y un tacto transpirable. El acabado champ\u00e1n le confiere un aspecto refinado, mientras que las medidas 180x65cm ayudan a cubrir la demanda b\u00e1sica. Adecuado para hombres y armarios de verano. Lavar a mano en fr\u00edo o en ciclo delicado.<\/p>","protected":false},"excerpt":{"rendered":"<p>19 Pa\u00f1uelo de seda Momme Charmeuse en color champ\u00e1n. Acabado oblongo, tacto ligero y tama\u00f1o de 180x65 cm. Dise\u00f1ado para hombres.<\/p>","protected":false},"featured_media":1954,"template":"","meta":{"_gspb_post_css":""},"product_brand":[],"product_cat":[34],"product_tag":[503,522,528],"class_list":{"0":"post-763","1":"product","2":"type-product","3":"status-publish","4":"has-post-thumbnail","6":"product_cat-silk-scarves","7":"product_tag-19-momme-silk-scarf-champagne","8":"product_tag-charmeuse-silk-scarf-oblong","9":"product_tag-wholesale-silk-scarf-for-men","11":"first","12":"instock","13":"shipping-taxable","14":"purchasable","15":"product-type-simple"},"_links":{"self":[{"href":"https:\/\/silk-pajamas.com\/es\/wp-json\/wp\/v2\/product\/763","targetHints":{"allow":["GET"]}}],"collection":[{"href":"https:\/\/silk-pajamas.com\/es\/wp-json\/wp\/v2\/product"}],"about":[{"href":"https:\/\/silk-pajamas.com\/es\/wp-json\/wp\/v2\/types\/product"}],"wp:featuredmedia":[{"embeddable":true,"href":"https:\/\/silk-pajamas.com\/es\/wp-json\/wp\/v2\/media\/1954"}],"wp:attachment":[{"href":"https:\/\/silk-pajamas.com\/es\/wp-json\/wp\/v2\/media?parent=763"}],"wp:term":[{"taxonomy":"product_brand","embeddable":true,"href":"https:\/\/silk-pajamas.com\/es\/wp-json\/wp\/v2\/product_brand?post=763"},{"taxonomy":"product_cat","embeddable":true,"href":"https:\/\/silk-pajamas.com\/es\/wp-json\/wp\/v2\/product_cat?post=763"},{"taxonomy":"product_tag","embeddable":true,"href":"https:\/\/silk-pajamas.com\/es\/wp-json\/wp\/v2\/product_tag?post=763"}],"curies":[{"name":"wp","href":"https:\/\/api.w.org\/{rel}","templated":true}]}}