{"id":764,"date":"2026-04-12T15:43:26","date_gmt":"2026-04-12T15:43:26","guid":{"rendered":"https:\/\/silk-pajamas.com\/22-momme-soft-shine-silk-scrunchie-gift-box-emerald\/"},"modified":"2026-05-06T10:15:33","modified_gmt":"2026-05-06T10:15:33","slug":"22-momme-soft-shine-silk-scrunchie-gift-box-emerald","status":"publish","type":"product","link":"https:\/\/silk-pajamas.com\/es\/22-momme-soft-shine-silk-scrunchie-gift-box-emerald\/","title":{"rendered":"22 Estuche regalo Momme Soft Shine Silk Scrunchie Esmeralda"},"content":{"rendered":"<p>Fabricado con seda de brillo suave de 22 momme, este coletero para el pelo ofrece un tacto suave, una sensaci\u00f3n delicada en la piel y un movimiento elegante. La construcci\u00f3n en caja de regalo y el color esmeralda mantienen el look pulido para las adolescentes. Disponible en talla \u00fanica. Lavar a mano en fr\u00edo y colocar en posici\u00f3n horizontal.<\/p>","protected":false},"excerpt":{"rendered":"<p>22 Coleteros de seda Momme Soft Shine en color Esmeralda. Acabado en caja de regalo, tacto suave y talla \u00fanica. Dise\u00f1ado para adolescentes.<\/p>","protected":false},"featured_media":1960,"template":"","meta":{"_gspb_post_css":""},"product_brand":[],"product_cat":[36],"product_tag":[536,538,537],"class_list":{"0":"post-764","1":"product","2":"type-product","3":"status-publish","4":"has-post-thumbnail","6":"product_cat-silk-scrunchies","7":"product_tag-22-momme-silk-scrunchie-emerald","8":"product_tag-manufacturer-silk-scrunchie-for-teens","9":"product_tag-soft-shine-silk-scrunchie-gift-box","11":"first","12":"instock","13":"featured","14":"shipping-taxable","15":"purchasable","16":"product-type-simple"},"_links":{"self":[{"href":"https:\/\/silk-pajamas.com\/es\/wp-json\/wp\/v2\/product\/764","targetHints":{"allow":["GET"]}}],"collection":[{"href":"https:\/\/silk-pajamas.com\/es\/wp-json\/wp\/v2\/product"}],"about":[{"href":"https:\/\/silk-pajamas.com\/es\/wp-json\/wp\/v2\/types\/product"}],"wp:featuredmedia":[{"embeddable":true,"href":"https:\/\/silk-pajamas.com\/es\/wp-json\/wp\/v2\/media\/1960"}],"wp:attachment":[{"href":"https:\/\/silk-pajamas.com\/es\/wp-json\/wp\/v2\/media?parent=764"}],"wp:term":[{"taxonomy":"product_brand","embeddable":true,"href":"https:\/\/silk-pajamas.com\/es\/wp-json\/wp\/v2\/product_brand?post=764"},{"taxonomy":"product_cat","embeddable":true,"href":"https:\/\/silk-pajamas.com\/es\/wp-json\/wp\/v2\/product_cat?post=764"},{"taxonomy":"product_tag","embeddable":true,"href":"https:\/\/silk-pajamas.com\/es\/wp-json\/wp\/v2\/product_tag?post=764"}],"curies":[{"name":"wp","href":"https:\/\/api.w.org\/{rel}","templated":true}]}}