{"id":766,"date":"2026-04-12T15:43:26","date_gmt":"2026-04-12T15:43:26","guid":{"rendered":"https:\/\/silk-pajamas.com\/25-momme-charmeuse-silk-scrunchie-seamless-wine-supplier\/"},"modified":"2026-05-08T02:48:18","modified_gmt":"2026-05-08T02:48:18","slug":"25-momme-charmeuse-silk-scrunchie-seamless-wine-supplier","status":"publish","type":"product","link":"https:\/\/silk-pajamas.com\/es\/25-momme-charmeuse-silk-scrunchie-seamless-wine-supplier\/","title":{"rendered":"25 Momme Charmeuse Scrunchie de seda sin costuras Proveedor de vino"},"content":{"rendered":"<p>Este coletero para el pelo est\u00e1 confeccionado en seda charmeuse 25 momme en tono vino. No tiene costuras, tiene un tacto suave y una ca\u00edda c\u00f3moda para surtidos de regalo. Admite la talla \u00fanica y es ideal para la primavera, para regalar o para el d\u00eda a d\u00eda. Lavar a mano en fr\u00edo y colocar en plano.<\/p>","protected":false},"excerpt":{"rendered":"<p>25 Coleteros de seda Momme Charmeuse en color vino. Acabado sin costuras, tacto resistente a las arrugas y talla \u00fanica. Dise\u00f1ado para surtidos de regalo.<\/p>","protected":false},"featured_media":1964,"template":"","meta":{"_gspb_post_css":""},"product_brand":[],"product_cat":[36],"product_tag":[541,542,543],"class_list":{"0":"post-766","1":"product","2":"type-product","3":"status-publish","4":"has-post-thumbnail","6":"product_cat-silk-scrunchies","7":"product_tag-25-momme-silk-scrunchie-wine","8":"product_tag-charmeuse-silk-scrunchie-seamless","9":"product_tag-wholesale-silk-scrunchie-for-gift-assortments","11":"first","12":"instock","13":"shipping-taxable","14":"purchasable","15":"product-type-simple"},"_links":{"self":[{"href":"https:\/\/silk-pajamas.com\/es\/wp-json\/wp\/v2\/product\/766","targetHints":{"allow":["GET"]}}],"collection":[{"href":"https:\/\/silk-pajamas.com\/es\/wp-json\/wp\/v2\/product"}],"about":[{"href":"https:\/\/silk-pajamas.com\/es\/wp-json\/wp\/v2\/types\/product"}],"wp:featuredmedia":[{"embeddable":true,"href":"https:\/\/silk-pajamas.com\/es\/wp-json\/wp\/v2\/media\/1964"}],"wp:attachment":[{"href":"https:\/\/silk-pajamas.com\/es\/wp-json\/wp\/v2\/media?parent=766"}],"wp:term":[{"taxonomy":"product_brand","embeddable":true,"href":"https:\/\/silk-pajamas.com\/es\/wp-json\/wp\/v2\/product_brand?post=766"},{"taxonomy":"product_cat","embeddable":true,"href":"https:\/\/silk-pajamas.com\/es\/wp-json\/wp\/v2\/product_cat?post=766"},{"taxonomy":"product_tag","embeddable":true,"href":"https:\/\/silk-pajamas.com\/es\/wp-json\/wp\/v2\/product_tag?post=766"}],"curies":[{"name":"wp","href":"https:\/\/api.w.org\/{rel}","templated":true}]}}