{"id":767,"date":"2026-04-12T15:43:26","date_gmt":"2026-04-12T15:43:26","guid":{"rendered":"https:\/\/silk-pajamas.com\/19-momme-charmeuse-mulberry-silk-scrunchie-skinny-ivory\/"},"modified":"2026-05-08T02:50:58","modified_gmt":"2026-05-08T02:50:58","slug":"19-momme-charmeuse-mulberry-silk-scrunchie-skinny-ivory","status":"publish","type":"product","link":"https:\/\/silk-pajamas.com\/es\/19-momme-charmeuse-mulberry-silk-scrunchie-skinny-ivory\/","title":{"rendered":"19 Coletero Momme Charmeuse Mulberry Seda Marfil Flaco"},"content":{"rendered":"<p>Este coletero para el pelo est\u00e1 confeccionado en seda charmeuse 19 momme en tono marfil. Tiene un tacto suave y una ca\u00edda c\u00f3moda para las adolescentes. Admite tallas de 7 cm y es ideal para la primavera, para regalar o para el d\u00eda a d\u00eda. Lavar a mano en fr\u00edo y colocar en posici\u00f3n horizontal.<\/p>","protected":false},"excerpt":{"rendered":"<p>19 Coleteros de seda Momme Charmeuse en color marfil. Acabado fino, tacto suave y tama\u00f1o de 7 cm. Dise\u00f1ado para adolescentes.<\/p>","protected":false},"featured_media":1972,"template":"","meta":{"_gspb_post_css":""},"product_brand":[],"product_cat":[36],"product_tag":[544,545,546],"class_list":{"0":"post-767","1":"product","2":"type-product","3":"status-publish","4":"has-post-thumbnail","6":"product_cat-silk-scrunchies","7":"product_tag-19-momme-silk-scrunchie-ivory","8":"product_tag-charmeuse-silk-scrunchie-skinny","9":"product_tag-vendor-silk-scrunchie-for-teens","11":"first","12":"instock","13":"shipping-taxable","14":"purchasable","15":"product-type-simple"},"_links":{"self":[{"href":"https:\/\/silk-pajamas.com\/es\/wp-json\/wp\/v2\/product\/767","targetHints":{"allow":["GET"]}}],"collection":[{"href":"https:\/\/silk-pajamas.com\/es\/wp-json\/wp\/v2\/product"}],"about":[{"href":"https:\/\/silk-pajamas.com\/es\/wp-json\/wp\/v2\/types\/product"}],"wp:featuredmedia":[{"embeddable":true,"href":"https:\/\/silk-pajamas.com\/es\/wp-json\/wp\/v2\/media\/1972"}],"wp:attachment":[{"href":"https:\/\/silk-pajamas.com\/es\/wp-json\/wp\/v2\/media?parent=767"}],"wp:term":[{"taxonomy":"product_brand","embeddable":true,"href":"https:\/\/silk-pajamas.com\/es\/wp-json\/wp\/v2\/product_brand?post=767"},{"taxonomy":"product_cat","embeddable":true,"href":"https:\/\/silk-pajamas.com\/es\/wp-json\/wp\/v2\/product_cat?post=767"},{"taxonomy":"product_tag","embeddable":true,"href":"https:\/\/silk-pajamas.com\/es\/wp-json\/wp\/v2\/product_tag?post=767"}],"curies":[{"name":"wp","href":"https:\/\/api.w.org\/{rel}","templated":true}]}}