{"id":768,"date":"2026-04-12T15:43:26","date_gmt":"2026-04-12T15:43:26","guid":{"rendered":"https:\/\/silk-pajamas.com\/25-momme-double-layer-mulberry-silk-scrunchie-7cm-emerald\/"},"modified":"2026-05-08T02:51:59","modified_gmt":"2026-05-08T02:51:59","slug":"25-momme-double-layer-mulberry-silk-scrunchie-7cm-emerald","status":"publish","type":"product","link":"https:\/\/silk-pajamas.com\/es\/25-momme-double-layer-mulberry-silk-scrunchie-7cm-emerald\/","title":{"rendered":"25 Momme Coletero de Seda de Mora de Doble Capa 7cm Esmeralda"},"content":{"rendered":"<p>Este coletero para el pelo est\u00e1 hecho de seda de doble capa de 25 momme en tono esmeralda. No tiene costuras, ofrece una sensaci\u00f3n suave al tacto y una ca\u00edda c\u00f3moda para el cuidado del pelo largo. Admite tallas de 7 cm y es ideal para la primavera, para regalar o para el d\u00eda a d\u00eda. Lavar a mano en fr\u00edo y colocar en posici\u00f3n horizontal.<\/p>","protected":false},"excerpt":{"rendered":"<p>25 coleteros de seda Momme Double Layer en color esmeralda. Acabado sin costuras, sensaci\u00f3n de ca\u00edda suave y tama\u00f1o de 7 cm. Dise\u00f1ado para el cuidado del cabello largo.<\/p>","protected":false},"featured_media":1958,"template":"","meta":{"_gspb_post_css":""},"product_brand":[],"product_cat":[36],"product_tag":[547,548,549],"class_list":{"0":"post-768","1":"product","2":"type-product","3":"status-publish","4":"has-post-thumbnail","6":"product_cat-silk-scrunchies","7":"product_tag-25-momme-silk-scrunchie-emerald","8":"product_tag-double-layer-silk-scrunchie-seamless","9":"product_tag-factory-silk-scrunchie-for-long-hair-care","11":"first","12":"instock","13":"shipping-taxable","14":"purchasable","15":"product-type-simple"},"_links":{"self":[{"href":"https:\/\/silk-pajamas.com\/es\/wp-json\/wp\/v2\/product\/768","targetHints":{"allow":["GET"]}}],"collection":[{"href":"https:\/\/silk-pajamas.com\/es\/wp-json\/wp\/v2\/product"}],"about":[{"href":"https:\/\/silk-pajamas.com\/es\/wp-json\/wp\/v2\/types\/product"}],"wp:featuredmedia":[{"embeddable":true,"href":"https:\/\/silk-pajamas.com\/es\/wp-json\/wp\/v2\/media\/1958"}],"wp:attachment":[{"href":"https:\/\/silk-pajamas.com\/es\/wp-json\/wp\/v2\/media?parent=768"}],"wp:term":[{"taxonomy":"product_brand","embeddable":true,"href":"https:\/\/silk-pajamas.com\/es\/wp-json\/wp\/v2\/product_brand?post=768"},{"taxonomy":"product_cat","embeddable":true,"href":"https:\/\/silk-pajamas.com\/es\/wp-json\/wp\/v2\/product_cat?post=768"},{"taxonomy":"product_tag","embeddable":true,"href":"https:\/\/silk-pajamas.com\/es\/wp-json\/wp\/v2\/product_tag?post=768"}],"curies":[{"name":"wp","href":"https:\/\/api.w.org\/{rel}","templated":true}]}}