{"id":773,"date":"2026-04-12T15:43:27","date_gmt":"2026-04-12T15:43:27","guid":{"rendered":"https:\/\/silk-pajamas.com\/19-momme-double-layer-silk-scrunchie-gift-box-sage\/"},"modified":"2026-05-06T08:55:28","modified_gmt":"2026-05-06T08:55:28","slug":"19-momme-double-layer-silk-scrunchie-gift-box-sage","status":"publish","type":"product","link":"https:\/\/silk-pajamas.com\/es\/19-momme-double-layer-silk-scrunchie-gift-box-sage\/","title":{"rendered":"19 Momme Estuche de regalo para coletero de seda de doble capa Sage"},"content":{"rendered":"<p>Este coletero para el pelo est\u00e1 confeccionado en seda de doble capa de 19 momme en tono salvia. Se presenta en caja de regalo, con una suave sensaci\u00f3n al tacto y una c\u00f3moda ca\u00edda para surtidos de regalo. Admite la talla \u00fanica y es ideal para llevar en oto\u00f1o, regalar o para el d\u00eda a d\u00eda. Lavar a mano en fr\u00edo y colocar en plano.<\/p>","protected":false},"excerpt":{"rendered":"<p>19 coleteros de seda Momme Double Layer en Sage. Acabado en caja de regalo, tacto suave y talla \u00fanica. Dise\u00f1ado para surtidos de regalo.<\/p>","protected":false},"featured_media":1849,"template":"","meta":{"_gspb_post_css":""},"product_brand":[],"product_cat":[36],"product_tag":[560,561,540],"class_list":{"0":"post-773","1":"product","2":"type-product","3":"status-publish","4":"has-post-thumbnail","6":"product_cat-silk-scrunchies","7":"product_tag-19-momme-silk-scrunchie-sage","8":"product_tag-double-layer-silk-scrunchie-gift-box","9":"product_tag-supplier-silk-scrunchie-for-gift-assortments","11":"first","12":"instock","13":"shipping-taxable","14":"purchasable","15":"product-type-simple"},"_links":{"self":[{"href":"https:\/\/silk-pajamas.com\/es\/wp-json\/wp\/v2\/product\/773","targetHints":{"allow":["GET"]}}],"collection":[{"href":"https:\/\/silk-pajamas.com\/es\/wp-json\/wp\/v2\/product"}],"about":[{"href":"https:\/\/silk-pajamas.com\/es\/wp-json\/wp\/v2\/types\/product"}],"wp:featuredmedia":[{"embeddable":true,"href":"https:\/\/silk-pajamas.com\/es\/wp-json\/wp\/v2\/media\/1849"}],"wp:attachment":[{"href":"https:\/\/silk-pajamas.com\/es\/wp-json\/wp\/v2\/media?parent=773"}],"wp:term":[{"taxonomy":"product_brand","embeddable":true,"href":"https:\/\/silk-pajamas.com\/es\/wp-json\/wp\/v2\/product_brand?post=773"},{"taxonomy":"product_cat","embeddable":true,"href":"https:\/\/silk-pajamas.com\/es\/wp-json\/wp\/v2\/product_cat?post=773"},{"taxonomy":"product_tag","embeddable":true,"href":"https:\/\/silk-pajamas.com\/es\/wp-json\/wp\/v2\/product_tag?post=773"}],"curies":[{"name":"wp","href":"https:\/\/api.w.org\/{rel}","templated":true}]}}