{"id":774,"date":"2026-04-12T15:43:27","date_gmt":"2026-04-12T15:43:27","guid":{"rendered":"https:\/\/silk-pajamas.com\/25-momme-double-layer-mulberry-silk-scrunchie-5cm-leopard\/"},"modified":"2026-05-06T08:56:47","modified_gmt":"2026-05-06T08:56:47","slug":"25-momme-double-layer-mulberry-silk-scrunchie-5cm-leopard","status":"publish","type":"product","link":"https:\/\/silk-pajamas.com\/es\/25-momme-double-layer-mulberry-silk-scrunchie-5cm-leopard\/","title":{"rendered":"25 Momme Coletero de Seda de Mora de Doble Capa 5cm Leopardo"},"content":{"rendered":"<p>Este coletero para el pelo est\u00e1 hecho de seda de doble capa de 25 momme en tono leopardo. Presenta un nudo de lazo, un tacto suave y una ca\u00edda c\u00f3moda para la mujer. Admite tallas de 5 cm y es ideal para llevar en oto\u00f1o, como regalo o para el d\u00eda a d\u00eda. Lavar a mano en fr\u00edo y colocar en posici\u00f3n horizontal.<\/p>","protected":false},"excerpt":{"rendered":"<p>25 coleteros de seda Momme Double Layer en leopardo. Acabado en mo\u00f1o, tacto resistente a las arrugas y tama\u00f1o de 5 cm. Dise\u00f1ado para mujeres.<\/p>","protected":false},"featured_media":1883,"template":"","meta":{"_gspb_post_css":""},"product_brand":[],"product_cat":[36],"product_tag":[556,562,563],"class_list":{"0":"post-774","1":"product","2":"type-product","3":"status-publish","4":"has-post-thumbnail","6":"product_cat-silk-scrunchies","7":"product_tag-25-momme-silk-scrunchie-leopard","8":"product_tag-double-layer-silk-scrunchie-bowknot","9":"product_tag-wholesale-silk-scrunchie-for-women","11":"first","12":"instock","13":"featured","14":"shipping-taxable","15":"purchasable","16":"product-type-simple"},"_links":{"self":[{"href":"https:\/\/silk-pajamas.com\/es\/wp-json\/wp\/v2\/product\/774","targetHints":{"allow":["GET"]}}],"collection":[{"href":"https:\/\/silk-pajamas.com\/es\/wp-json\/wp\/v2\/product"}],"about":[{"href":"https:\/\/silk-pajamas.com\/es\/wp-json\/wp\/v2\/types\/product"}],"wp:featuredmedia":[{"embeddable":true,"href":"https:\/\/silk-pajamas.com\/es\/wp-json\/wp\/v2\/media\/1883"}],"wp:attachment":[{"href":"https:\/\/silk-pajamas.com\/es\/wp-json\/wp\/v2\/media?parent=774"}],"wp:term":[{"taxonomy":"product_brand","embeddable":true,"href":"https:\/\/silk-pajamas.com\/es\/wp-json\/wp\/v2\/product_brand?post=774"},{"taxonomy":"product_cat","embeddable":true,"href":"https:\/\/silk-pajamas.com\/es\/wp-json\/wp\/v2\/product_cat?post=774"},{"taxonomy":"product_tag","embeddable":true,"href":"https:\/\/silk-pajamas.com\/es\/wp-json\/wp\/v2\/product_tag?post=774"}],"curies":[{"name":"wp","href":"https:\/\/api.w.org\/{rel}","templated":true}]}}