{"id":775,"date":"2026-04-12T15:43:27","date_gmt":"2026-04-12T15:43:27","guid":{"rendered":"https:\/\/silk-pajamas.com\/19-momme-mulberry-silk-scrunchie-seamless-silver-vendor\/"},"modified":"2026-05-06T09:10:20","modified_gmt":"2026-05-06T09:10:20","slug":"19-momme-mulberry-silk-scrunchie-seamless-silver-vendor","status":"publish","type":"product","link":"https:\/\/silk-pajamas.com\/es\/19-momme-mulberry-silk-scrunchie-seamless-silver-vendor\/","title":{"rendered":"19 Momme Mulberry Silk Scrunchie Vendedor de plata sin costuras"},"content":{"rendered":"<p>Este coletero para el pelo est\u00e1 hecho de seda de morera de 19 momme en tono plateado. No tiene costuras, es suave al tacto y c\u00f3modo para las adolescentes. Admite la talla \u00fanica y es ideal para llevar en oto\u00f1o, como regalo o para el d\u00eda a d\u00eda. Lavar a mano en fr\u00edo y colocar en posici\u00f3n horizontal.<\/p>","protected":false},"excerpt":{"rendered":"<p>19 coleteros de seda Momme Mulberry en color plata. Acabado sin costuras, tacto transpirable y talla \u00fanica. Dise\u00f1ado para adolescentes.<\/p>","protected":false},"featured_media":1915,"template":"","meta":{"_gspb_post_css":""},"product_brand":[],"product_cat":[36],"product_tag":[564,565,566],"class_list":{"0":"post-775","1":"product","2":"type-product","3":"status-publish","4":"has-post-thumbnail","6":"product_cat-silk-scrunchies","7":"product_tag-19-momme-silk-scrunchie-silver","8":"product_tag-mulberry-silk-scrunchie-seamless","9":"product_tag-supplier-silk-scrunchie-for-teens","11":"first","12":"instock","13":"shipping-taxable","14":"purchasable","15":"product-type-simple"},"_links":{"self":[{"href":"https:\/\/silk-pajamas.com\/es\/wp-json\/wp\/v2\/product\/775","targetHints":{"allow":["GET"]}}],"collection":[{"href":"https:\/\/silk-pajamas.com\/es\/wp-json\/wp\/v2\/product"}],"about":[{"href":"https:\/\/silk-pajamas.com\/es\/wp-json\/wp\/v2\/types\/product"}],"wp:featuredmedia":[{"embeddable":true,"href":"https:\/\/silk-pajamas.com\/es\/wp-json\/wp\/v2\/media\/1915"}],"wp:attachment":[{"href":"https:\/\/silk-pajamas.com\/es\/wp-json\/wp\/v2\/media?parent=775"}],"wp:term":[{"taxonomy":"product_brand","embeddable":true,"href":"https:\/\/silk-pajamas.com\/es\/wp-json\/wp\/v2\/product_brand?post=775"},{"taxonomy":"product_cat","embeddable":true,"href":"https:\/\/silk-pajamas.com\/es\/wp-json\/wp\/v2\/product_cat?post=775"},{"taxonomy":"product_tag","embeddable":true,"href":"https:\/\/silk-pajamas.com\/es\/wp-json\/wp\/v2\/product_tag?post=775"}],"curies":[{"name":"wp","href":"https:\/\/api.w.org\/{rel}","templated":true}]}}