{"id":776,"date":"2026-04-12T15:43:27","date_gmt":"2026-04-12T15:43:27","guid":{"rendered":"https:\/\/silk-pajamas.com\/22-momme-double-layer-mulberry-silk-scrunchie-3-5cm-leopard\/"},"modified":"2026-05-06T09:10:46","modified_gmt":"2026-05-06T09:10:46","slug":"22-momme-double-layer-mulberry-silk-scrunchie-3-5cm-leopard","status":"publish","type":"product","link":"https:\/\/silk-pajamas.com\/es\/22-momme-double-layer-mulberry-silk-scrunchie-3-5cm-leopard\/","title":{"rendered":"22 Coletero Momme de seda de mora de doble capa 3,5 cm Leopardo"},"content":{"rendered":"<p>Confeccionado en seda de doble capa de 22 momme, este coletero combina el detalle del nudo con un brillo suave y un tacto transpirable. El acabado de leopardo le da un aspecto refinado, mientras que el tama\u00f1o de 3,5 cm ayuda a cubrir la demanda central. Adecuado para adolescentes y armarios de oto\u00f1o. Lavar a mano en fr\u00edo y colocar en posici\u00f3n horizontal.<\/p>","protected":false},"excerpt":{"rendered":"<p>Coletero de pelo de seda de doble capa 22 Momme en leopardo. Acabado con lazo, tacto ligero y tama\u00f1o de 3,5 cm. Dise\u00f1ado para adolescentes.<\/p>","protected":false},"featured_media":1881,"template":"","meta":{"_gspb_post_css":""},"product_brand":[],"product_cat":[36],"product_tag":[567,562,538],"class_list":{"0":"post-776","1":"product","2":"type-product","3":"status-publish","4":"has-post-thumbnail","6":"product_cat-silk-scrunchies","7":"product_tag-22-momme-silk-scrunchie-leopard","8":"product_tag-double-layer-silk-scrunchie-bowknot","9":"product_tag-manufacturer-silk-scrunchie-for-teens","11":"first","12":"instock","13":"shipping-taxable","14":"purchasable","15":"product-type-simple"},"_links":{"self":[{"href":"https:\/\/silk-pajamas.com\/es\/wp-json\/wp\/v2\/product\/776","targetHints":{"allow":["GET"]}}],"collection":[{"href":"https:\/\/silk-pajamas.com\/es\/wp-json\/wp\/v2\/product"}],"about":[{"href":"https:\/\/silk-pajamas.com\/es\/wp-json\/wp\/v2\/types\/product"}],"wp:featuredmedia":[{"embeddable":true,"href":"https:\/\/silk-pajamas.com\/es\/wp-json\/wp\/v2\/media\/1881"}],"wp:attachment":[{"href":"https:\/\/silk-pajamas.com\/es\/wp-json\/wp\/v2\/media?parent=776"}],"wp:term":[{"taxonomy":"product_brand","embeddable":true,"href":"https:\/\/silk-pajamas.com\/es\/wp-json\/wp\/v2\/product_brand?post=776"},{"taxonomy":"product_cat","embeddable":true,"href":"https:\/\/silk-pajamas.com\/es\/wp-json\/wp\/v2\/product_cat?post=776"},{"taxonomy":"product_tag","embeddable":true,"href":"https:\/\/silk-pajamas.com\/es\/wp-json\/wp\/v2\/product_tag?post=776"}],"curies":[{"name":"wp","href":"https:\/\/api.w.org\/{rel}","templated":true}]}}