{"id":781,"date":"2026-04-12T15:43:28","date_gmt":"2026-04-12T15:43:28","guid":{"rendered":"https:\/\/silk-pajamas.com\/22-momme-mulberry-silk-scrunchie-skinny-black-manufacturer\/"},"modified":"2026-05-06T07:39:39","modified_gmt":"2026-05-06T07:39:39","slug":"22-momme-mulberry-silk-scrunchie-skinny-black-manufacturer","status":"publish","type":"product","link":"https:\/\/silk-pajamas.com\/es\/22-momme-mulberry-silk-scrunchie-skinny-black-manufacturer\/","title":{"rendered":"22 Momme Mulberry Silk Scrunchie Skinny Negro Fabricante"},"content":{"rendered":"<p>Este coletero para el pelo est\u00e1 hecho de seda de morera 22 momme en tono negro. Tiene un tacto suave y una ca\u00edda c\u00f3moda para las adolescentes. Admite tallas de 5 cm y es ideal para la primavera, para regalar o para el d\u00eda a d\u00eda. Lavar a mano en fr\u00edo y en plano.<\/p>","protected":false},"excerpt":{"rendered":"<p>22 Coletero de seda Momme Mulberry en negro. Acabado fino, suave ca\u00edda y tama\u00f1o de 5 cm. Dise\u00f1ado para adolescentes.<\/p>","protected":false},"featured_media":1847,"template":"","meta":{"_gspb_post_css":""},"product_brand":[],"product_cat":[36],"product_tag":[574,576,575],"class_list":{"0":"post-781","1":"product","2":"type-product","3":"status-publish","4":"has-post-thumbnail","6":"product_cat-silk-scrunchies","7":"product_tag-22-momme-silk-scrunchie-black","8":"product_tag-factory-silk-scrunchie-for-teens","9":"product_tag-mulberry-silk-scrunchie-skinny","11":"first","12":"instock","13":"shipping-taxable","14":"purchasable","15":"product-type-simple"},"_links":{"self":[{"href":"https:\/\/silk-pajamas.com\/es\/wp-json\/wp\/v2\/product\/781","targetHints":{"allow":["GET"]}}],"collection":[{"href":"https:\/\/silk-pajamas.com\/es\/wp-json\/wp\/v2\/product"}],"about":[{"href":"https:\/\/silk-pajamas.com\/es\/wp-json\/wp\/v2\/types\/product"}],"wp:featuredmedia":[{"embeddable":true,"href":"https:\/\/silk-pajamas.com\/es\/wp-json\/wp\/v2\/media\/1847"}],"wp:attachment":[{"href":"https:\/\/silk-pajamas.com\/es\/wp-json\/wp\/v2\/media?parent=781"}],"wp:term":[{"taxonomy":"product_brand","embeddable":true,"href":"https:\/\/silk-pajamas.com\/es\/wp-json\/wp\/v2\/product_brand?post=781"},{"taxonomy":"product_cat","embeddable":true,"href":"https:\/\/silk-pajamas.com\/es\/wp-json\/wp\/v2\/product_cat?post=781"},{"taxonomy":"product_tag","embeddable":true,"href":"https:\/\/silk-pajamas.com\/es\/wp-json\/wp\/v2\/product_tag?post=781"}],"curies":[{"name":"wp","href":"https:\/\/api.w.org\/{rel}","templated":true}]}}