{"id":785,"date":"2026-04-12T15:43:28","date_gmt":"2026-04-12T15:43:28","guid":{"rendered":"https:\/\/silk-pajamas.com\/25-momme-soft-shine-mulberry-silk-scrunchie-gift-box-rose\/"},"modified":"2026-05-06T07:51:16","modified_gmt":"2026-05-06T07:51:16","slug":"25-momme-soft-shine-mulberry-silk-scrunchie-gift-box-rose","status":"publish","type":"product","link":"https:\/\/silk-pajamas.com\/es\/25-momme-soft-shine-mulberry-silk-scrunchie-gift-box-rose\/","title":{"rendered":"25 Momme Soft Shine Mulberry Silk Scrunchie Caja de regalo Rosa"},"content":{"rendered":"<p>Fabricado con seda de brillo suave de 25 momme, este coletero ofrece ligereza, un tacto suave y un movimiento elegante. El dise\u00f1o de la caja de regalo y el color rosa le dan un aspecto pulido para surtidos de regalo. Disponible en talla \u00fanica. Lavar a mano en fr\u00edo y colocar en posici\u00f3n horizontal.<\/p>","protected":false},"excerpt":{"rendered":"<p>25 Coleteros de seda Momme Soft Shine en color rosa. Acabado en caja de regalo, tacto ligero y talla \u00fanica. Dise\u00f1ado para surtidos de regalo.<\/p>","protected":false},"featured_media":1863,"template":"","meta":{"_gspb_post_css":""},"product_brand":[],"product_cat":[36],"product_tag":[581,582,537],"class_list":{"0":"post-785","1":"product","2":"type-product","3":"status-publish","4":"has-post-thumbnail","6":"product_cat-silk-scrunchies","7":"product_tag-25-momme-silk-scrunchie-rose","8":"product_tag-manufacturer-silk-scrunchie-for-gift-assortments","9":"product_tag-soft-shine-silk-scrunchie-gift-box","11":"first","12":"instock","13":"shipping-taxable","14":"purchasable","15":"product-type-simple"},"_links":{"self":[{"href":"https:\/\/silk-pajamas.com\/es\/wp-json\/wp\/v2\/product\/785","targetHints":{"allow":["GET"]}}],"collection":[{"href":"https:\/\/silk-pajamas.com\/es\/wp-json\/wp\/v2\/product"}],"about":[{"href":"https:\/\/silk-pajamas.com\/es\/wp-json\/wp\/v2\/types\/product"}],"wp:featuredmedia":[{"embeddable":true,"href":"https:\/\/silk-pajamas.com\/es\/wp-json\/wp\/v2\/media\/1863"}],"wp:attachment":[{"href":"https:\/\/silk-pajamas.com\/es\/wp-json\/wp\/v2\/media?parent=785"}],"wp:term":[{"taxonomy":"product_brand","embeddable":true,"href":"https:\/\/silk-pajamas.com\/es\/wp-json\/wp\/v2\/product_brand?post=785"},{"taxonomy":"product_cat","embeddable":true,"href":"https:\/\/silk-pajamas.com\/es\/wp-json\/wp\/v2\/product_cat?post=785"},{"taxonomy":"product_tag","embeddable":true,"href":"https:\/\/silk-pajamas.com\/es\/wp-json\/wp\/v2\/product_tag?post=785"}],"curies":[{"name":"wp","href":"https:\/\/api.w.org\/{rel}","templated":true}]}}