{"id":786,"date":"2026-04-12T15:43:28","date_gmt":"2026-04-12T15:43:28","guid":{"rendered":"https:\/\/silk-pajamas.com\/25-momme-charmeuse-silk-scrunchie-skinny-pearl-manufacturer\/"},"modified":"2026-05-06T07:54:07","modified_gmt":"2026-05-06T07:54:07","slug":"25-momme-charmeuse-silk-scrunchie-skinny-pearl-manufacturer","status":"publish","type":"product","link":"https:\/\/silk-pajamas.com\/es\/25-momme-charmeuse-silk-scrunchie-skinny-pearl-manufacturer\/","title":{"rendered":"25 Momme Charmeuse Silk Scrunchie Skinny Pearl Fabricante"},"content":{"rendered":"<p>Confeccionado en seda charmeuse 25 momme, este coletero ofrece una ca\u00edda suave, un tacto agradable y un movimiento elegante. La construcci\u00f3n delgada y el color perla mantienen el aspecto pulido para los adolescentes. Disponible en talla \u00fanica. Lavar a mano en fr\u00edo y en horizontal.<\/p>","protected":false},"excerpt":{"rendered":"<p>25 coleteros de seda Momme Charmeuse en color perla. Acabado fino, sensaci\u00f3n de ca\u00edda suave y talla \u00fanica. Dise\u00f1ado para adolescentes.<\/p>","protected":false},"featured_media":1871,"template":"","meta":{"_gspb_post_css":""},"product_brand":[],"product_cat":[36],"product_tag":[583,545,566],"class_list":{"0":"post-786","1":"product","2":"type-product","3":"status-publish","4":"has-post-thumbnail","6":"product_cat-silk-scrunchies","7":"product_tag-25-momme-silk-scrunchie-pearl","8":"product_tag-charmeuse-silk-scrunchie-skinny","9":"product_tag-supplier-silk-scrunchie-for-teens","11":"first","12":"instock","13":"shipping-taxable","14":"purchasable","15":"product-type-simple"},"_links":{"self":[{"href":"https:\/\/silk-pajamas.com\/es\/wp-json\/wp\/v2\/product\/786","targetHints":{"allow":["GET"]}}],"collection":[{"href":"https:\/\/silk-pajamas.com\/es\/wp-json\/wp\/v2\/product"}],"about":[{"href":"https:\/\/silk-pajamas.com\/es\/wp-json\/wp\/v2\/types\/product"}],"wp:featuredmedia":[{"embeddable":true,"href":"https:\/\/silk-pajamas.com\/es\/wp-json\/wp\/v2\/media\/1871"}],"wp:attachment":[{"href":"https:\/\/silk-pajamas.com\/es\/wp-json\/wp\/v2\/media?parent=786"}],"wp:term":[{"taxonomy":"product_brand","embeddable":true,"href":"https:\/\/silk-pajamas.com\/es\/wp-json\/wp\/v2\/product_brand?post=786"},{"taxonomy":"product_cat","embeddable":true,"href":"https:\/\/silk-pajamas.com\/es\/wp-json\/wp\/v2\/product_cat?post=786"},{"taxonomy":"product_tag","embeddable":true,"href":"https:\/\/silk-pajamas.com\/es\/wp-json\/wp\/v2\/product_tag?post=786"}],"curies":[{"name":"wp","href":"https:\/\/api.w.org\/{rel}","templated":true}]}}