{"id":789,"date":"2026-04-12T15:43:28","date_gmt":"2026-04-12T15:43:28","guid":{"rendered":"https:\/\/silk-pajamas.com\/16-momme-crepe-silk-cami-tank-adjustable-strap-silver\/"},"modified":"2026-05-06T08:05:21","modified_gmt":"2026-05-06T08:05:21","slug":"16-momme-crepe-silk-cami-tank-adjustable-strap-silver","status":"publish","type":"product","link":"https:\/\/silk-pajamas.com\/es\/16-momme-crepe-silk-cami-tank-adjustable-strap-silver\/","title":{"rendered":"16 Momme Crepe Seda Cami Tank Correa ajustable Plata"},"content":{"rendered":"<p>Confeccionado con crep\u00e9 de seda de 16 momme, este top cami ofrece termorregulaci\u00f3n, tacto suave en la piel y movimiento elegante. La construcci\u00f3n de tirantes ajustables y el color plateado mantienen el look pulido para la mujer. Disponible en XL, XXL, 3XL y 4XL. Lavar a mano en fr\u00edo o en ciclo delicado.<\/p>","protected":false},"excerpt":{"rendered":"<p>Cami top 16 Momme Crepe de seda en color plata. Acabado con tirantes ajustables, tacto termorregulador y tallas XL, XXL, 3XL, 4XL. Dise\u00f1ado para mujeres.<\/p>","protected":false},"featured_media":1885,"template":"","meta":{"_gspb_post_css":""},"product_brand":[],"product_cat":[30],"product_tag":[588,589,590],"class_list":{"0":"post-789","1":"product","2":"type-product","3":"status-publish","4":"has-post-thumbnail","6":"product_cat-silk-cami-tank-top","7":"product_tag-16-momme-silk-cami-top-silver","8":"product_tag-crepe-silk-cami-top-adjustable-strap","9":"product_tag-supplier-silk-cami-top-for-women","11":"first","12":"instock","13":"featured","14":"shipping-taxable","15":"purchasable","16":"product-type-simple"},"_links":{"self":[{"href":"https:\/\/silk-pajamas.com\/es\/wp-json\/wp\/v2\/product\/789","targetHints":{"allow":["GET"]}}],"collection":[{"href":"https:\/\/silk-pajamas.com\/es\/wp-json\/wp\/v2\/product"}],"about":[{"href":"https:\/\/silk-pajamas.com\/es\/wp-json\/wp\/v2\/types\/product"}],"wp:featuredmedia":[{"embeddable":true,"href":"https:\/\/silk-pajamas.com\/es\/wp-json\/wp\/v2\/media\/1885"}],"wp:attachment":[{"href":"https:\/\/silk-pajamas.com\/es\/wp-json\/wp\/v2\/media?parent=789"}],"wp:term":[{"taxonomy":"product_brand","embeddable":true,"href":"https:\/\/silk-pajamas.com\/es\/wp-json\/wp\/v2\/product_brand?post=789"},{"taxonomy":"product_cat","embeddable":true,"href":"https:\/\/silk-pajamas.com\/es\/wp-json\/wp\/v2\/product_cat?post=789"},{"taxonomy":"product_tag","embeddable":true,"href":"https:\/\/silk-pajamas.com\/es\/wp-json\/wp\/v2\/product_tag?post=789"}],"curies":[{"name":"wp","href":"https:\/\/api.w.org\/{rel}","templated":true}]}}