{"id":790,"date":"2026-04-12T15:43:28","date_gmt":"2026-04-12T15:43:28","guid":{"rendered":"https:\/\/silk-pajamas.com\/19-momme-crepe-silk-cami-top-adjustable-strap-navy\/"},"modified":"2026-05-06T08:07:00","modified_gmt":"2026-05-06T08:07:00","slug":"19-momme-crepe-silk-cami-top-adjustable-strap-navy","status":"publish","type":"product","link":"https:\/\/silk-pajamas.com\/es\/19-momme-crepe-silk-cami-top-adjustable-strap-navy\/","title":{"rendered":"19 Momme Crepe Silk Cami Top Tirante Ajustable Azul Marino"},"content":{"rendered":"<p>Este top cami est\u00e1 confeccionado en crep\u00e9 de seda 19 momme en tono azul marino. Tiene tirantes ajustables, un tacto suave y una ca\u00edda c\u00f3moda para la mujer. Este modelo es compatible con las tallas XS, S, M, L y XL y es ideal para el verano, para regalar o para el d\u00eda a d\u00eda. Lavar a mano en fr\u00edo o en ciclo delicado.<\/p>","protected":false},"excerpt":{"rendered":"<p>19 camisolas de seda Momme Crepe en azul marino. Acabado con tiras ajustables, tacto suave y tallas XS, S, M, L, XL. Dise\u00f1ado para mujeres.<\/p>","protected":false},"featured_media":1888,"template":"","meta":{"_gspb_post_css":""},"product_brand":[],"product_cat":[30],"product_tag":[591,589,592],"class_list":{"0":"post-790","1":"product","2":"type-product","3":"status-publish","4":"has-post-thumbnail","6":"product_cat-silk-cami-tank-top","7":"product_tag-19-momme-silk-cami-top-navy","8":"product_tag-crepe-silk-cami-top-adjustable-strap","9":"product_tag-vendor-silk-cami-top-for-women","11":"first","12":"instock","13":"shipping-taxable","14":"purchasable","15":"product-type-simple"},"_links":{"self":[{"href":"https:\/\/silk-pajamas.com\/es\/wp-json\/wp\/v2\/product\/790","targetHints":{"allow":["GET"]}}],"collection":[{"href":"https:\/\/silk-pajamas.com\/es\/wp-json\/wp\/v2\/product"}],"about":[{"href":"https:\/\/silk-pajamas.com\/es\/wp-json\/wp\/v2\/types\/product"}],"wp:featuredmedia":[{"embeddable":true,"href":"https:\/\/silk-pajamas.com\/es\/wp-json\/wp\/v2\/media\/1888"}],"wp:attachment":[{"href":"https:\/\/silk-pajamas.com\/es\/wp-json\/wp\/v2\/media?parent=790"}],"wp:term":[{"taxonomy":"product_brand","embeddable":true,"href":"https:\/\/silk-pajamas.com\/es\/wp-json\/wp\/v2\/product_brand?post=790"},{"taxonomy":"product_cat","embeddable":true,"href":"https:\/\/silk-pajamas.com\/es\/wp-json\/wp\/v2\/product_cat?post=790"},{"taxonomy":"product_tag","embeddable":true,"href":"https:\/\/silk-pajamas.com\/es\/wp-json\/wp\/v2\/product_tag?post=790"}],"curies":[{"name":"wp","href":"https:\/\/api.w.org\/{rel}","templated":true}]}}