{"id":798,"date":"2026-04-12T15:43:29","date_gmt":"2026-04-12T15:43:29","guid":{"rendered":"https:\/\/silk-pajamas.com\/25-momme-mulberry-silk-tank-top-lace-trim-leopard\/"},"modified":"2026-05-06T07:22:26","modified_gmt":"2026-05-06T07:22:26","slug":"25-momme-mulberry-silk-tank-top-lace-trim-leopard","status":"publish","type":"product","link":"https:\/\/silk-pajamas.com\/es\/25-momme-mulberry-silk-tank-top-lace-trim-leopard\/","title":{"rendered":"25 Momme Mulberry Camiseta de Tirantes de Seda con Encaje Leopardo"},"content":{"rendered":"<p>Este top cami est\u00e1 confeccionado en seda de morera de 25 momme en tono leopardo. Presenta un ribete de encaje, un tacto suave y una ca\u00edda c\u00f3moda para los conjuntos de oficina. Admite tallas personalizadas y es ideal para llevar en cualquier \u00e9poca del a\u00f1o, para regalar o para el d\u00eda a d\u00eda. Lavar a mano en fr\u00edo o en ciclo delicado.<\/p>","protected":false},"excerpt":{"rendered":"<p>25 Camisola de seda Momme Mulberry en leopardo. Acabado con ribete de encaje, tacto de ca\u00edda suave y tallaje personalizado. Dise\u00f1ado para conjuntos de oficina.<\/p>","protected":false},"featured_media":1842,"template":"","meta":{"_gspb_post_css":""},"product_brand":[],"product_cat":[30],"product_tag":[612,613,603],"class_list":{"0":"post-798","1":"product","2":"type-product","3":"status-publish","4":"has-post-thumbnail","6":"product_cat-silk-cami-tank-top","7":"product_tag-25-momme-silk-cami-top-leopard","8":"product_tag-manufacturer-silk-cami-top-for-office-outfits","9":"product_tag-mulberry-silk-cami-top-lace-trim","11":"first","12":"instock","13":"shipping-taxable","14":"purchasable","15":"product-type-simple"},"_links":{"self":[{"href":"https:\/\/silk-pajamas.com\/es\/wp-json\/wp\/v2\/product\/798","targetHints":{"allow":["GET"]}}],"collection":[{"href":"https:\/\/silk-pajamas.com\/es\/wp-json\/wp\/v2\/product"}],"about":[{"href":"https:\/\/silk-pajamas.com\/es\/wp-json\/wp\/v2\/types\/product"}],"wp:featuredmedia":[{"embeddable":true,"href":"https:\/\/silk-pajamas.com\/es\/wp-json\/wp\/v2\/media\/1842"}],"wp:attachment":[{"href":"https:\/\/silk-pajamas.com\/es\/wp-json\/wp\/v2\/media?parent=798"}],"wp:term":[{"taxonomy":"product_brand","embeddable":true,"href":"https:\/\/silk-pajamas.com\/es\/wp-json\/wp\/v2\/product_brand?post=798"},{"taxonomy":"product_cat","embeddable":true,"href":"https:\/\/silk-pajamas.com\/es\/wp-json\/wp\/v2\/product_cat?post=798"},{"taxonomy":"product_tag","embeddable":true,"href":"https:\/\/silk-pajamas.com\/es\/wp-json\/wp\/v2\/product_tag?post=798"}],"curies":[{"name":"wp","href":"https:\/\/api.w.org\/{rel}","templated":true}]}}