{"id":803,"date":"2026-04-12T15:43:30","date_gmt":"2026-04-12T15:43:30","guid":{"rendered":"https:\/\/silk-pajamas.com\/25-momme-mulberry-silk-cami-top-lace-trim-lilac\/"},"modified":"2026-05-06T06:10:45","modified_gmt":"2026-05-06T06:10:45","slug":"25-momme-mulberry-silk-cami-top-lace-trim-lilac","status":"publish","type":"product","link":"https:\/\/silk-pajamas.com\/es\/25-momme-mulberry-silk-cami-top-lace-trim-lilac\/","title":{"rendered":"25 Momme Mulberry Seda Cami Top Encaje Lila"},"content":{"rendered":"<p>Confeccionado en seda de morera de 25 micras, este top cami ofrece una ca\u00edda suave, un tacto agradable y un movimiento elegante. El ribete de encaje y el color lila le confieren un aspecto elegante. Disponible en Custom. Lavar a mano en fr\u00edo o en ciclo delicado.<\/p>","protected":false},"excerpt":{"rendered":"<p>25 Camiseta Momme Mulberry de seda en color lila. Acabado con ribete de encaje, suave ca\u00edda y tallas personalizadas. Dise\u00f1ado para vestir en complejos tur\u00edsticos.<\/p>","protected":false},"featured_media":1794,"template":"","meta":{"_gspb_post_css":""},"product_brand":[],"product_cat":[30],"product_tag":[624,601,603],"class_list":{"0":"post-803","1":"product","2":"type-product","3":"status-publish","4":"has-post-thumbnail","6":"product_cat-silk-cami-tank-top","7":"product_tag-25-momme-silk-cami-top-lilac","8":"product_tag-manufacturer-silk-cami-top-for-resort-dressing","9":"product_tag-mulberry-silk-cami-top-lace-trim","11":"first","12":"instock","13":"shipping-taxable","14":"purchasable","15":"product-type-simple"},"_links":{"self":[{"href":"https:\/\/silk-pajamas.com\/es\/wp-json\/wp\/v2\/product\/803","targetHints":{"allow":["GET"]}}],"collection":[{"href":"https:\/\/silk-pajamas.com\/es\/wp-json\/wp\/v2\/product"}],"about":[{"href":"https:\/\/silk-pajamas.com\/es\/wp-json\/wp\/v2\/types\/product"}],"wp:featuredmedia":[{"embeddable":true,"href":"https:\/\/silk-pajamas.com\/es\/wp-json\/wp\/v2\/media\/1794"}],"wp:attachment":[{"href":"https:\/\/silk-pajamas.com\/es\/wp-json\/wp\/v2\/media?parent=803"}],"wp:term":[{"taxonomy":"product_brand","embeddable":true,"href":"https:\/\/silk-pajamas.com\/es\/wp-json\/wp\/v2\/product_brand?post=803"},{"taxonomy":"product_cat","embeddable":true,"href":"https:\/\/silk-pajamas.com\/es\/wp-json\/wp\/v2\/product_cat?post=803"},{"taxonomy":"product_tag","embeddable":true,"href":"https:\/\/silk-pajamas.com\/es\/wp-json\/wp\/v2\/product_tag?post=803"}],"curies":[{"name":"wp","href":"https:\/\/api.w.org\/{rel}","templated":true}]}}