{"id":805,"date":"2026-04-12T15:43:30","date_gmt":"2026-04-12T15:43:30","guid":{"rendered":"https:\/\/silk-pajamas.com\/16-momme-crepe-silk-cami-top-rib-trim-black-factory\/"},"modified":"2026-05-06T06:15:55","modified_gmt":"2026-05-06T06:15:55","slug":"16-momme-crepe-silk-cami-top-rib-trim-black-factory","status":"publish","type":"product","link":"https:\/\/silk-pajamas.com\/es\/16-momme-crepe-silk-cami-top-rib-trim-black-factory\/","title":{"rendered":"16 Momme Crepe Seda Cami Top Rib Factory Negro"},"content":{"rendered":"<p>Confeccionado en crep\u00e9 de seda 16 momme, este top cami ofrece ligereza, un tacto suave en la piel y un movimiento elegante. El ribete de canal\u00e9 y el color negro le dan un toque refinado para lucir a capas. Disponible en S, M, L, XL y XXL. Lavar a mano en fr\u00edo o en ciclo delicado.<\/p>","protected":false},"excerpt":{"rendered":"<p>Cami top 16 Momme Crepe de seda en negro. Acabado con ribete, tacto ligero y tallas S, M, L, XL, XXL. Dise\u00f1ado para llevar a capas.<\/p>","protected":false},"featured_media":1798,"template":"","meta":{"_gspb_post_css":""},"product_brand":[],"product_cat":[30],"product_tag":[627,628,629],"class_list":{"0":"post-805","1":"product","2":"type-product","3":"status-publish","4":"has-post-thumbnail","6":"product_cat-silk-cami-tank-top","7":"product_tag-16-momme-silk-cami-top-black","8":"product_tag-crepe-silk-cami-top-rib-trim","9":"product_tag-factory-silk-cami-top-for-layering-looks","11":"first","12":"instock","13":"shipping-taxable","14":"purchasable","15":"product-type-simple"},"_links":{"self":[{"href":"https:\/\/silk-pajamas.com\/es\/wp-json\/wp\/v2\/product\/805","targetHints":{"allow":["GET"]}}],"collection":[{"href":"https:\/\/silk-pajamas.com\/es\/wp-json\/wp\/v2\/product"}],"about":[{"href":"https:\/\/silk-pajamas.com\/es\/wp-json\/wp\/v2\/types\/product"}],"wp:featuredmedia":[{"embeddable":true,"href":"https:\/\/silk-pajamas.com\/es\/wp-json\/wp\/v2\/media\/1798"}],"wp:attachment":[{"href":"https:\/\/silk-pajamas.com\/es\/wp-json\/wp\/v2\/media?parent=805"}],"wp:term":[{"taxonomy":"product_brand","embeddable":true,"href":"https:\/\/silk-pajamas.com\/es\/wp-json\/wp\/v2\/product_brand?post=805"},{"taxonomy":"product_cat","embeddable":true,"href":"https:\/\/silk-pajamas.com\/es\/wp-json\/wp\/v2\/product_cat?post=805"},{"taxonomy":"product_tag","embeddable":true,"href":"https:\/\/silk-pajamas.com\/es\/wp-json\/wp\/v2\/product_tag?post=805"}],"curies":[{"name":"wp","href":"https:\/\/api.w.org\/{rel}","templated":true}]}}