{"id":807,"date":"2026-04-12T15:43:30","date_gmt":"2026-04-12T15:43:30","guid":{"rendered":"https:\/\/silk-pajamas.com\/19-momme-crepe-silk-cami-tank-adjustable-strap-floral\/"},"modified":"2026-05-06T06:57:03","modified_gmt":"2026-05-06T06:57:03","slug":"19-momme-crepe-silk-cami-tank-adjustable-strap-floral","status":"publish","type":"product","link":"https:\/\/silk-pajamas.com\/es\/19-momme-crepe-silk-cami-tank-adjustable-strap-floral\/","title":{"rendered":"19 Momme Crepe Seda Cami Tank Correa ajustable Floral"},"content":{"rendered":"<p>Este top cami est\u00e1 confeccionado en crep\u00e9 de seda 19 momme en tono floral. Presenta tirantes ajustables, un tacto suave y una ca\u00edda c\u00f3moda para lucir a capas. Admite tallas personalizadas y es ideal para la primavera, para regalar o para el d\u00eda a d\u00eda. Lavar a mano en fr\u00edo o en ciclo delicado.<\/p>","protected":false},"excerpt":{"rendered":"<p>19 Momme Crepe cami top de seda en Floral. Acabado con tirantes ajustables, tacto de ca\u00edda suave y tallaje personalizado. Dise\u00f1ado para looks a capas.<\/p>","protected":false},"featured_media":1808,"template":"","meta":{"_gspb_post_css":""},"product_brand":[],"product_cat":[30],"product_tag":[633,589,634],"class_list":{"0":"post-807","1":"product","2":"type-product","3":"status-publish","4":"has-post-thumbnail","6":"product_cat-silk-cami-tank-top","7":"product_tag-19-momme-silk-cami-top-floral","8":"product_tag-crepe-silk-cami-top-adjustable-strap","9":"product_tag-supplier-silk-cami-top-for-layering-looks","11":"first","12":"instock","13":"shipping-taxable","14":"purchasable","15":"product-type-simple"},"_links":{"self":[{"href":"https:\/\/silk-pajamas.com\/es\/wp-json\/wp\/v2\/product\/807","targetHints":{"allow":["GET"]}}],"collection":[{"href":"https:\/\/silk-pajamas.com\/es\/wp-json\/wp\/v2\/product"}],"about":[{"href":"https:\/\/silk-pajamas.com\/es\/wp-json\/wp\/v2\/types\/product"}],"wp:featuredmedia":[{"embeddable":true,"href":"https:\/\/silk-pajamas.com\/es\/wp-json\/wp\/v2\/media\/1808"}],"wp:attachment":[{"href":"https:\/\/silk-pajamas.com\/es\/wp-json\/wp\/v2\/media?parent=807"}],"wp:term":[{"taxonomy":"product_brand","embeddable":true,"href":"https:\/\/silk-pajamas.com\/es\/wp-json\/wp\/v2\/product_brand?post=807"},{"taxonomy":"product_cat","embeddable":true,"href":"https:\/\/silk-pajamas.com\/es\/wp-json\/wp\/v2\/product_cat?post=807"},{"taxonomy":"product_tag","embeddable":true,"href":"https:\/\/silk-pajamas.com\/es\/wp-json\/wp\/v2\/product_tag?post=807"}],"curies":[{"name":"wp","href":"https:\/\/api.w.org\/{rel}","templated":true}]}}