{"id":813,"date":"2026-04-12T15:43:31","date_gmt":"2026-04-12T15:43:31","guid":{"rendered":"https:\/\/silk-pajamas.com\/16-momme-charmeuse-silk-dress-slip-rose-manufacturer\/"},"modified":"2026-05-06T03:05:28","modified_gmt":"2026-05-06T03:05:28","slug":"16-momme-charmeuse-silk-dress-slip-rose-manufacturer","status":"publish","type":"product","link":"https:\/\/silk-pajamas.com\/es\/16-momme-charmeuse-silk-dress-slip-rose-manufacturer\/","title":{"rendered":"16 Momme Charmeuse Vestido Seda Slip Rosa Fabricante"},"content":{"rendered":"<p>Este vestido de seda est\u00e1 confeccionado en seda charmeuse 16 momme en tono rosa. Presenta slip, una sensaci\u00f3n suave al tacto y una ca\u00edda c\u00f3moda para los conjuntos de fiesta. Admite tallas personalizadas y es ideal para el verano, para regalar o para el d\u00eda a d\u00eda. Lavar a mano en fr\u00edo o en ciclo delicado.<\/p>","protected":false},"excerpt":{"rendered":"<p>16 Momme Charmeuse vestido de seda en Rose. Acabado slip, tacto de ca\u00edda suave y tallaje personalizado. Dise\u00f1ado para ediciones de fiesta.<\/p>","protected":false},"featured_media":1728,"template":"","meta":{"_gspb_post_css":""},"product_brand":[],"product_cat":[29],"product_tag":[643,644,645],"class_list":{"0":"post-813","1":"product","2":"type-product","3":"status-publish","4":"has-post-thumbnail","6":"product_cat-silk-dresses","7":"product_tag-16-momme-silk-dress-rose","8":"product_tag-charmeuse-silk-dress-slip","9":"product_tag-vendor-silk-dress-for-party-edits","11":"first","12":"instock","13":"featured","14":"shipping-taxable","15":"purchasable","16":"product-type-simple"},"_links":{"self":[{"href":"https:\/\/silk-pajamas.com\/es\/wp-json\/wp\/v2\/product\/813","targetHints":{"allow":["GET"]}}],"collection":[{"href":"https:\/\/silk-pajamas.com\/es\/wp-json\/wp\/v2\/product"}],"about":[{"href":"https:\/\/silk-pajamas.com\/es\/wp-json\/wp\/v2\/types\/product"}],"wp:featuredmedia":[{"embeddable":true,"href":"https:\/\/silk-pajamas.com\/es\/wp-json\/wp\/v2\/media\/1728"}],"wp:attachment":[{"href":"https:\/\/silk-pajamas.com\/es\/wp-json\/wp\/v2\/media?parent=813"}],"wp:term":[{"taxonomy":"product_brand","embeddable":true,"href":"https:\/\/silk-pajamas.com\/es\/wp-json\/wp\/v2\/product_brand?post=813"},{"taxonomy":"product_cat","embeddable":true,"href":"https:\/\/silk-pajamas.com\/es\/wp-json\/wp\/v2\/product_cat?post=813"},{"taxonomy":"product_tag","embeddable":true,"href":"https:\/\/silk-pajamas.com\/es\/wp-json\/wp\/v2\/product_tag?post=813"}],"curies":[{"name":"wp","href":"https:\/\/api.w.org\/{rel}","templated":true}]}}