{"id":815,"date":"2026-04-12T15:43:31","date_gmt":"2026-04-12T15:43:31","guid":{"rendered":"https:\/\/silk-pajamas.com\/25-momme-mulberry-silk-dress-backless-lilac\/"},"modified":"2026-05-06T03:11:00","modified_gmt":"2026-05-06T03:11:00","slug":"25-momme-mulberry-silk-dress-backless-lilac","status":"publish","type":"product","link":"https:\/\/silk-pajamas.com\/es\/25-momme-mulberry-silk-dress-backless-lilac\/","title":{"rendered":"25 Momme Mulberry Vestido de seda sin espalda Lila"},"content":{"rendered":"<p>Este vestido de seda est\u00e1 confeccionado en seda de morera de 25 momme en tono lila. No lleva espalda, es suave al tacto y tiene una ca\u00edda muy c\u00f3moda para ir de fiesta. Admite las tallas S, M, L, XL y XXL y es ideal para la primavera, para regalar o para el d\u00eda a d\u00eda. Lavar a mano en fr\u00edo o en ciclo delicado.<\/p>","protected":false},"excerpt":{"rendered":"<p>25 Vestido Momme Mulberry de seda en color lila. Acabado sin espalda, tacto resistente a las arrugas y tallas S, M, L, XL, XXL. Dise\u00f1ado para ediciones de fiesta.<\/p>","protected":false},"featured_media":1739,"template":"","meta":{"_gspb_post_css":""},"product_brand":[],"product_cat":[29],"product_tag":[649,651,650],"class_list":{"0":"post-815","1":"product","2":"type-product","3":"status-publish","4":"has-post-thumbnail","6":"product_cat-silk-dresses","7":"product_tag-25-momme-silk-dress-lilac","8":"product_tag-factory-silk-dress-for-party-edits","9":"product_tag-mulberry-silk-dress-backless","11":"first","12":"instock","13":"shipping-taxable","14":"purchasable","15":"product-type-simple"},"_links":{"self":[{"href":"https:\/\/silk-pajamas.com\/es\/wp-json\/wp\/v2\/product\/815","targetHints":{"allow":["GET"]}}],"collection":[{"href":"https:\/\/silk-pajamas.com\/es\/wp-json\/wp\/v2\/product"}],"about":[{"href":"https:\/\/silk-pajamas.com\/es\/wp-json\/wp\/v2\/types\/product"}],"wp:featuredmedia":[{"embeddable":true,"href":"https:\/\/silk-pajamas.com\/es\/wp-json\/wp\/v2\/media\/1739"}],"wp:attachment":[{"href":"https:\/\/silk-pajamas.com\/es\/wp-json\/wp\/v2\/media?parent=815"}],"wp:term":[{"taxonomy":"product_brand","embeddable":true,"href":"https:\/\/silk-pajamas.com\/es\/wp-json\/wp\/v2\/product_brand?post=815"},{"taxonomy":"product_cat","embeddable":true,"href":"https:\/\/silk-pajamas.com\/es\/wp-json\/wp\/v2\/product_cat?post=815"},{"taxonomy":"product_tag","embeddable":true,"href":"https:\/\/silk-pajamas.com\/es\/wp-json\/wp\/v2\/product_tag?post=815"}],"curies":[{"name":"wp","href":"https:\/\/api.w.org\/{rel}","templated":true}]}}