{"id":825,"date":"2026-04-12T15:43:31","date_gmt":"2026-04-12T15:43:31","guid":{"rendered":"https:\/\/silk-pajamas.com\/22-momme-mulberry-silk-dress-midi-rose-supplier\/"},"modified":"2026-05-06T06:03:54","modified_gmt":"2026-05-06T06:03:54","slug":"22-momme-mulberry-silk-dress-midi-rose-supplier","status":"publish","type":"product","link":"https:\/\/silk-pajamas.com\/es\/22-momme-mulberry-silk-dress-midi-rose-supplier\/","title":{"rendered":"22 Momme Mulberry Vestido de seda Midi Rosa Proveedor"},"content":{"rendered":"<p>Este vestido de seda est\u00e1 confeccionado en seda de morera 22 momme en tono rosa. Es de largo midi, suave al tacto y con una ca\u00edda c\u00f3moda para ir de fiesta. Admite las tallas S, M, L, XL y XXL y es ideal para llevar en oto\u00f1o, para regalar o para el d\u00eda a d\u00eda. Lavar a mano en fr\u00edo o en ciclo delicado.<\/p>","protected":false},"excerpt":{"rendered":"<p>22 Vestido Momme Mulberry de seda en color Rose. Acabado midi, tacto resistente a las arrugas y tallas S, M, L, XL, XXL. Dise\u00f1ado para ediciones de fiesta.<\/p>","protected":false},"featured_media":1785,"template":"","meta":{"_gspb_post_css":""},"product_brand":[],"product_cat":[29],"product_tag":[674,675,676],"class_list":{"0":"post-825","1":"product","2":"type-product","3":"status-publish","4":"has-post-thumbnail","6":"product_cat-silk-dresses","7":"product_tag-22-momme-silk-dress-rose","8":"product_tag-mulberry-silk-dress-midi","9":"product_tag-supplier-silk-dress-for-party-edits","11":"first","12":"instock","13":"shipping-taxable","14":"purchasable","15":"product-type-simple"},"_links":{"self":[{"href":"https:\/\/silk-pajamas.com\/es\/wp-json\/wp\/v2\/product\/825","targetHints":{"allow":["GET"]}}],"collection":[{"href":"https:\/\/silk-pajamas.com\/es\/wp-json\/wp\/v2\/product"}],"about":[{"href":"https:\/\/silk-pajamas.com\/es\/wp-json\/wp\/v2\/types\/product"}],"wp:featuredmedia":[{"embeddable":true,"href":"https:\/\/silk-pajamas.com\/es\/wp-json\/wp\/v2\/media\/1785"}],"wp:attachment":[{"href":"https:\/\/silk-pajamas.com\/es\/wp-json\/wp\/v2\/media?parent=825"}],"wp:term":[{"taxonomy":"product_brand","embeddable":true,"href":"https:\/\/silk-pajamas.com\/es\/wp-json\/wp\/v2\/product_brand?post=825"},{"taxonomy":"product_cat","embeddable":true,"href":"https:\/\/silk-pajamas.com\/es\/wp-json\/wp\/v2\/product_cat?post=825"},{"taxonomy":"product_tag","embeddable":true,"href":"https:\/\/silk-pajamas.com\/es\/wp-json\/wp\/v2\/product_tag?post=825"}],"curies":[{"name":"wp","href":"https:\/\/api.w.org\/{rel}","templated":true}]}}