{"id":830,"date":"2026-04-12T15:43:32","date_gmt":"2026-04-12T15:43:32","guid":{"rendered":"https:\/\/silk-pajamas.com\/16-momme-mulberry-silk-dress-bias-cut-sky-blue\/"},"modified":"2026-04-20T03:18:15","modified_gmt":"2026-04-20T03:18:15","slug":"16-momme-mulberry-silk-dress-bias-cut-sky-blue","status":"publish","type":"product","link":"https:\/\/silk-pajamas.com\/es\/16-momme-mulberry-silk-dress-bias-cut-sky-blue\/","title":{"rendered":"16 Momme Mulberry Vestido de seda corte al bies Azul cielo"},"content":{"rendered":"<p>Este vestido de seda est\u00e1 confeccionado en seda de morera 16 momme en tono azul cielo. Presenta un corte al bies, una sensaci\u00f3n suave al tacto y una ca\u00edda c\u00f3moda para los conjuntos de fiesta. Este modelo es compatible con las tallas XS, S, M, L y XL y es ideal para el verano, para regalar o para el d\u00eda a d\u00eda. Lavar a mano en fr\u00edo o en ciclo delicado.<\/p>","protected":false},"excerpt":{"rendered":"<p>16 Momme Mulberry vestido de seda en Sky Blue. Acabado Bias Cut, tacto suave y tallas XS, S, M, L, XL. Dise\u00f1ado para ediciones de fiesta.<\/p>","protected":false},"featured_media":1707,"template":"","meta":{"_gspb_post_css":""},"product_brand":[],"product_cat":[29],"product_tag":[683,647,684],"class_list":{"0":"post-830","1":"product","2":"type-product","3":"status-publish","4":"has-post-thumbnail","6":"product_cat-silk-dresses","7":"product_tag-16-momme-silk-dress-sky-blue","8":"product_tag-mulberry-silk-dress-bias-cut","9":"product_tag-wholesale-silk-dress-for-party-edits","11":"first","12":"instock","13":"shipping-taxable","14":"purchasable","15":"product-type-simple"},"_links":{"self":[{"href":"https:\/\/silk-pajamas.com\/es\/wp-json\/wp\/v2\/product\/830","targetHints":{"allow":["GET"]}}],"collection":[{"href":"https:\/\/silk-pajamas.com\/es\/wp-json\/wp\/v2\/product"}],"about":[{"href":"https:\/\/silk-pajamas.com\/es\/wp-json\/wp\/v2\/types\/product"}],"wp:featuredmedia":[{"embeddable":true,"href":"https:\/\/silk-pajamas.com\/es\/wp-json\/wp\/v2\/media\/1707"}],"wp:attachment":[{"href":"https:\/\/silk-pajamas.com\/es\/wp-json\/wp\/v2\/media?parent=830"}],"wp:term":[{"taxonomy":"product_brand","embeddable":true,"href":"https:\/\/silk-pajamas.com\/es\/wp-json\/wp\/v2\/product_brand?post=830"},{"taxonomy":"product_cat","embeddable":true,"href":"https:\/\/silk-pajamas.com\/es\/wp-json\/wp\/v2\/product_cat?post=830"},{"taxonomy":"product_tag","embeddable":true,"href":"https:\/\/silk-pajamas.com\/es\/wp-json\/wp\/v2\/product_tag?post=830"}],"curies":[{"name":"wp","href":"https:\/\/api.w.org\/{rel}","templated":true}]}}