{"id":836,"date":"2026-04-12T15:43:33","date_gmt":"2026-04-12T15:43:33","guid":{"rendered":"https:\/\/silk-pajamas.com\/19-momme-mulberry-silk-jacket-kimono-pearl-wholesale\/"},"modified":"2026-04-20T02:39:34","modified_gmt":"2026-04-20T02:39:34","slug":"19-momme-mulberry-silk-jacket-kimono-pearl-wholesale","status":"publish","type":"product","link":"https:\/\/silk-pajamas.com\/es\/19-momme-mulberry-silk-jacket-kimono-pearl-wholesale\/","title":{"rendered":"19 Momme Mulberry Chaqueta de seda Kimono Perla al por mayor"},"content":{"rendered":"<p>Esta ligera capa exterior est\u00e1 confeccionada en seda de morera de 19 momme en tono perla. Presenta un tacto suave y una ca\u00edda c\u00f3moda para la mujer. El estilo admite tallas personalizadas y es ideal para la primavera, para regalar o para el d\u00eda a d\u00eda. Lavar a mano en fr\u00edo o en ciclo delicado.<\/p>","protected":false},"excerpt":{"rendered":"<p>19 Capa exterior ligera de seda Momme Mulberry en Pearl. Acabado kimono, tacto termorregulador y gama de tallas Custom. Dise\u00f1ada para la mujer.<\/p>","protected":false},"featured_media":1667,"template":"","meta":{"_gspb_post_css":""},"product_brand":[],"product_cat":[33],"product_tag":[694,695,696],"class_list":{"0":"post-836","1":"product","2":"type-product","3":"status-publish","4":"has-post-thumbnail","6":"product_cat-silk-outerwears","7":"product_tag-19-momme-silk-outerwear-pearl","8":"product_tag-mulberry-silk-outerwear-kimono","9":"product_tag-vendor-silk-outerwear-for-women","11":"first","12":"instock","13":"shipping-taxable","14":"purchasable","15":"product-type-simple"},"_links":{"self":[{"href":"https:\/\/silk-pajamas.com\/es\/wp-json\/wp\/v2\/product\/836","targetHints":{"allow":["GET"]}}],"collection":[{"href":"https:\/\/silk-pajamas.com\/es\/wp-json\/wp\/v2\/product"}],"about":[{"href":"https:\/\/silk-pajamas.com\/es\/wp-json\/wp\/v2\/types\/product"}],"wp:featuredmedia":[{"embeddable":true,"href":"https:\/\/silk-pajamas.com\/es\/wp-json\/wp\/v2\/media\/1667"}],"wp:attachment":[{"href":"https:\/\/silk-pajamas.com\/es\/wp-json\/wp\/v2\/media?parent=836"}],"wp:term":[{"taxonomy":"product_brand","embeddable":true,"href":"https:\/\/silk-pajamas.com\/es\/wp-json\/wp\/v2\/product_brand?post=836"},{"taxonomy":"product_cat","embeddable":true,"href":"https:\/\/silk-pajamas.com\/es\/wp-json\/wp\/v2\/product_cat?post=836"},{"taxonomy":"product_tag","embeddable":true,"href":"https:\/\/silk-pajamas.com\/es\/wp-json\/wp\/v2\/product_tag?post=836"}],"curies":[{"name":"wp","href":"https:\/\/api.w.org\/{rel}","templated":true}]}}