{"id":840,"date":"2026-04-12T15:43:33","date_gmt":"2026-04-12T15:43:33","guid":{"rendered":"https:\/\/silk-pajamas.com\/25-momme-sandwashed-silk-jacket-quilted-ivory\/"},"modified":"2026-04-20T02:49:42","modified_gmt":"2026-04-20T02:49:42","slug":"25-momme-sandwashed-silk-jacket-quilted-ivory","status":"publish","type":"product","link":"https:\/\/silk-pajamas.com\/es\/25-momme-sandwashed-silk-jacket-quilted-ivory\/","title":{"rendered":"25 Momme Chaqueta de seda acolchada Marfil"},"content":{"rendered":"<p>Confeccionada con seda enarenada de 25 micras, esta ligera capa exterior ofrece una ca\u00edda suave, un tacto agradable y un movimiento elegante. La construcci\u00f3n acolchada y el color marfil mantienen el look refinado para la mujer. Disponible en M, L, XL y XXL. Lavar a mano en fr\u00edo o en ciclo suave.<\/p>","protected":false},"excerpt":{"rendered":"<p>25 Momme Capa exterior ligera de seda Sandwashed en color marfil. Acabado acolchado, suave ca\u00edda y tallas M, L, XL, XXL. Dise\u00f1ada para la mujer.<\/p>","protected":false},"featured_media":1685,"template":"","meta":{"_gspb_post_css":""},"product_brand":[],"product_cat":[33],"product_tag":[703,705,704],"class_list":{"0":"post-840","1":"product","2":"type-product","3":"status-publish","4":"has-post-thumbnail","6":"product_cat-silk-outerwears","7":"product_tag-25-momme-silk-outerwear-ivory","8":"product_tag-manufacturer-silk-outerwear-for-women","9":"product_tag-sandwashed-silk-outerwear-quilted","11":"first","12":"instock","13":"shipping-taxable","14":"purchasable","15":"product-type-simple"},"_links":{"self":[{"href":"https:\/\/silk-pajamas.com\/es\/wp-json\/wp\/v2\/product\/840","targetHints":{"allow":["GET"]}}],"collection":[{"href":"https:\/\/silk-pajamas.com\/es\/wp-json\/wp\/v2\/product"}],"about":[{"href":"https:\/\/silk-pajamas.com\/es\/wp-json\/wp\/v2\/types\/product"}],"wp:featuredmedia":[{"embeddable":true,"href":"https:\/\/silk-pajamas.com\/es\/wp-json\/wp\/v2\/media\/1685"}],"wp:attachment":[{"href":"https:\/\/silk-pajamas.com\/es\/wp-json\/wp\/v2\/media?parent=840"}],"wp:term":[{"taxonomy":"product_brand","embeddable":true,"href":"https:\/\/silk-pajamas.com\/es\/wp-json\/wp\/v2\/product_brand?post=840"},{"taxonomy":"product_cat","embeddable":true,"href":"https:\/\/silk-pajamas.com\/es\/wp-json\/wp\/v2\/product_cat?post=840"},{"taxonomy":"product_tag","embeddable":true,"href":"https:\/\/silk-pajamas.com\/es\/wp-json\/wp\/v2\/product_tag?post=840"}],"curies":[{"name":"wp","href":"https:\/\/api.w.org\/{rel}","templated":true}]}}