{"id":844,"date":"2026-04-12T15:43:33","date_gmt":"2026-04-12T15:43:33","guid":{"rendered":"https:\/\/silk-pajamas.com\/25-momme-crepe-silk-cover-up-bomber-lilac-manufacturer\/"},"modified":"2026-04-20T02:57:59","modified_gmt":"2026-04-20T02:57:59","slug":"25-momme-crepe-silk-cover-up-bomber-lilac-manufacturer","status":"publish","type":"product","link":"https:\/\/silk-pajamas.com\/es\/25-momme-crepe-silk-cover-up-bomber-lilac-manufacturer\/","title":{"rendered":"25 Momme Crepe Silk Cover Up Bomber Fabricante Lila"},"content":{"rendered":"<p>Esta ligera capa exterior est\u00e1 confeccionada en crep\u00e9 de seda 25 momme en tono lila. Tiene un tacto suave y una ca\u00edda c\u00f3moda para llevarla de viaje. Admite las tallas M, L, XL y XXL y es ideal para la primavera, para regalar o para el d\u00eda a d\u00eda. Lavar a mano en fr\u00edo o en ciclo delicado.<\/p>","protected":false},"excerpt":{"rendered":"<p>25 Capa exterior ligera de seda Momme Crepe en color lila. Acabado bomber, tacto transpirable y tallas M, L, XL, XXL. Dise\u00f1ada para viajes.<\/p>","protected":false},"featured_media":1692,"template":"","meta":{"_gspb_post_css":""},"product_brand":[],"product_cat":[33],"product_tag":[697,715,716],"class_list":{"0":"post-844","1":"product","2":"type-product","3":"status-publish","4":"has-post-thumbnail","6":"product_cat-silk-outerwears","7":"product_tag-25-momme-silk-outerwear-lilac","8":"product_tag-crepe-silk-outerwear-bomber","9":"product_tag-supplier-silk-outerwear-for-travel-use","11":"first","12":"instock","13":"featured","14":"shipping-taxable","15":"purchasable","16":"product-type-simple"},"_links":{"self":[{"href":"https:\/\/silk-pajamas.com\/es\/wp-json\/wp\/v2\/product\/844","targetHints":{"allow":["GET"]}}],"collection":[{"href":"https:\/\/silk-pajamas.com\/es\/wp-json\/wp\/v2\/product"}],"about":[{"href":"https:\/\/silk-pajamas.com\/es\/wp-json\/wp\/v2\/types\/product"}],"wp:featuredmedia":[{"embeddable":true,"href":"https:\/\/silk-pajamas.com\/es\/wp-json\/wp\/v2\/media\/1692"}],"wp:attachment":[{"href":"https:\/\/silk-pajamas.com\/es\/wp-json\/wp\/v2\/media?parent=844"}],"wp:term":[{"taxonomy":"product_brand","embeddable":true,"href":"https:\/\/silk-pajamas.com\/es\/wp-json\/wp\/v2\/product_brand?post=844"},{"taxonomy":"product_cat","embeddable":true,"href":"https:\/\/silk-pajamas.com\/es\/wp-json\/wp\/v2\/product_cat?post=844"},{"taxonomy":"product_tag","embeddable":true,"href":"https:\/\/silk-pajamas.com\/es\/wp-json\/wp\/v2\/product_tag?post=844"}],"curies":[{"name":"wp","href":"https:\/\/api.w.org\/{rel}","templated":true}]}}