{"id":846,"date":"2026-04-12T15:43:34","date_gmt":"2026-04-12T15:43:34","guid":{"rendered":"https:\/\/silk-pajamas.com\/19-momme-sandwashed-silk-jacket-open-front-black\/"},"modified":"2026-04-19T07:54:54","modified_gmt":"2026-04-19T07:54:54","slug":"19-momme-sandwashed-silk-jacket-open-front-black","status":"publish","type":"product","link":"https:\/\/silk-pajamas.com\/es\/19-momme-sandwashed-silk-jacket-open-front-black\/","title":{"rendered":"19 Momme Chaqueta Seda Sandwashed Frente Abierto Negro"},"content":{"rendered":"<p>Confeccionada en seda sandwashed de 19 momme, esta ligera capa exterior combina el detalle de la parte delantera abierta con un suave brillo y un tacto transpirable. El acabado en negro le confiere un aspecto refinado, mientras que las tallas M, L, XL y XXL ayudan a cubrir la demanda b\u00e1sica. Adecuada para looks a capas y armarios oto\u00f1ales. Lavar a mano en fr\u00edo o en ciclo delicado.<\/p>","protected":false},"excerpt":{"rendered":"<p>19 Momme Sandwashed capa exterior ligera de seda en Negro. Acabado frontal abierto, tacto suave y tallas M, L, XL, XXL. Dise\u00f1ada para looks a capas.<\/p>","protected":false},"featured_media":1622,"template":"","meta":{"_gspb_post_css":""},"product_brand":[],"product_cat":[33],"product_tag":[691,721,720],"class_list":{"0":"post-846","1":"product","2":"type-product","3":"status-publish","4":"has-post-thumbnail","6":"product_cat-silk-outerwears","7":"product_tag-19-momme-silk-outerwear-black","8":"product_tag-factory-silk-outerwear-for-layering-looks","9":"product_tag-sandwashed-silk-outerwear-open-front","11":"first","12":"instock","13":"shipping-taxable","14":"purchasable","15":"product-type-simple"},"_links":{"self":[{"href":"https:\/\/silk-pajamas.com\/es\/wp-json\/wp\/v2\/product\/846","targetHints":{"allow":["GET"]}}],"collection":[{"href":"https:\/\/silk-pajamas.com\/es\/wp-json\/wp\/v2\/product"}],"about":[{"href":"https:\/\/silk-pajamas.com\/es\/wp-json\/wp\/v2\/types\/product"}],"wp:featuredmedia":[{"embeddable":true,"href":"https:\/\/silk-pajamas.com\/es\/wp-json\/wp\/v2\/media\/1622"}],"wp:attachment":[{"href":"https:\/\/silk-pajamas.com\/es\/wp-json\/wp\/v2\/media?parent=846"}],"wp:term":[{"taxonomy":"product_brand","embeddable":true,"href":"https:\/\/silk-pajamas.com\/es\/wp-json\/wp\/v2\/product_brand?post=846"},{"taxonomy":"product_cat","embeddable":true,"href":"https:\/\/silk-pajamas.com\/es\/wp-json\/wp\/v2\/product_cat?post=846"},{"taxonomy":"product_tag","embeddable":true,"href":"https:\/\/silk-pajamas.com\/es\/wp-json\/wp\/v2\/product_tag?post=846"}],"curies":[{"name":"wp","href":"https:\/\/api.w.org\/{rel}","templated":true}]}}