{"id":847,"date":"2026-04-12T15:43:34","date_gmt":"2026-04-12T15:43:34","guid":{"rendered":"https:\/\/silk-pajamas.com\/16-momme-charmeuse-silk-outerwear-belted-wine\/"},"modified":"2026-04-19T07:59:49","modified_gmt":"2026-04-19T07:59:49","slug":"16-momme-charmeuse-silk-outerwear-belted-wine","status":"publish","type":"product","link":"https:\/\/silk-pajamas.com\/es\/16-momme-charmeuse-silk-outerwear-belted-wine\/","title":{"rendered":"16 Momme Charmeuse Chaqueta de seda con cintur\u00f3n Vino"},"content":{"rendered":"<p>Confeccionada con seda charmeuse 16 momme, esta ligera capa exterior ofrece resistencia a las arrugas, un tacto suave en la piel y un movimiento elegante. La construcci\u00f3n con cintur\u00f3n y el color vino mantienen el look pulido para la mujer. Disponible en S, M, L, XL. Lavar a mano en fr\u00edo o en ciclo delicado.<\/p>","protected":false},"excerpt":{"rendered":"<p>Capa exterior ligera de seda Momme Charmeuse 16 en color Vino. Acabado con cintur\u00f3n, tacto resistente a las arrugas y tallas S, M, L, XL. Dise\u00f1ada para la mujer.<\/p>","protected":false},"featured_media":1631,"template":"","meta":{"_gspb_post_css":""},"product_brand":[],"product_cat":[33],"product_tag":[722,698,723],"class_list":{"0":"post-847","1":"product","2":"type-product","3":"status-publish","4":"has-post-thumbnail","6":"product_cat-silk-outerwears","7":"product_tag-16-momme-silk-outerwear-wine","8":"product_tag-charmeuse-silk-outerwear-belted","9":"product_tag-supplier-silk-outerwear-for-women","11":"first","12":"instock","13":"shipping-taxable","14":"purchasable","15":"product-type-simple"},"_links":{"self":[{"href":"https:\/\/silk-pajamas.com\/es\/wp-json\/wp\/v2\/product\/847","targetHints":{"allow":["GET"]}}],"collection":[{"href":"https:\/\/silk-pajamas.com\/es\/wp-json\/wp\/v2\/product"}],"about":[{"href":"https:\/\/silk-pajamas.com\/es\/wp-json\/wp\/v2\/types\/product"}],"wp:featuredmedia":[{"embeddable":true,"href":"https:\/\/silk-pajamas.com\/es\/wp-json\/wp\/v2\/media\/1631"}],"wp:attachment":[{"href":"https:\/\/silk-pajamas.com\/es\/wp-json\/wp\/v2\/media?parent=847"}],"wp:term":[{"taxonomy":"product_brand","embeddable":true,"href":"https:\/\/silk-pajamas.com\/es\/wp-json\/wp\/v2\/product_brand?post=847"},{"taxonomy":"product_cat","embeddable":true,"href":"https:\/\/silk-pajamas.com\/es\/wp-json\/wp\/v2\/product_cat?post=847"},{"taxonomy":"product_tag","embeddable":true,"href":"https:\/\/silk-pajamas.com\/es\/wp-json\/wp\/v2\/product_tag?post=847"}],"curies":[{"name":"wp","href":"https:\/\/api.w.org\/{rel}","templated":true}]}}