{"id":849,"date":"2026-04-12T15:43:34","date_gmt":"2026-04-12T15:43:34","guid":{"rendered":"https:\/\/silk-pajamas.com\/22-momme-crepe-silk-cover-up-open-front-sage\/"},"modified":"2026-04-19T08:20:55","modified_gmt":"2026-04-19T08:20:55","slug":"22-momme-crepe-silk-cover-up-open-front-sage","status":"publish","type":"product","link":"https:\/\/silk-pajamas.com\/es\/22-momme-crepe-silk-cover-up-open-front-sage\/","title":{"rendered":"22 Momme Tapado de crep\u00e9 de seda frente abierto Sage"},"content":{"rendered":"<p>Confeccionada en crep\u00e9 de seda 22 momme, esta ligera capa exterior ofrece una ca\u00edda suave, un tacto agradable y un movimiento elegante. La construcci\u00f3n frontal abierta y el color salvia mantienen el look refinado para la mujer. Disponible en M, L, XL y XXL. Lavar a mano en fr\u00edo o en ciclo delicado.<\/p>","protected":false},"excerpt":{"rendered":"<p>22 Momme Crepe de seda ligera capa exterior en Sage. Acabado frontal abierto, suave ca\u00edda y tallas M, L, XL, XXL. Dise\u00f1ada para la mujer.<\/p>","protected":false},"featured_media":1639,"template":"","meta":{"_gspb_post_css":""},"product_brand":[],"product_cat":[33],"product_tag":[725,726,727],"class_list":{"0":"post-849","1":"product","2":"type-product","3":"status-publish","4":"has-post-thumbnail","6":"product_cat-silk-outerwears","7":"product_tag-22-momme-silk-outerwear-sage","8":"product_tag-crepe-silk-outerwear-open-front","9":"product_tag-factory-silk-outerwear-for-women","11":"first","12":"instock","13":"featured","14":"shipping-taxable","15":"purchasable","16":"product-type-simple"},"_links":{"self":[{"href":"https:\/\/silk-pajamas.com\/es\/wp-json\/wp\/v2\/product\/849","targetHints":{"allow":["GET"]}}],"collection":[{"href":"https:\/\/silk-pajamas.com\/es\/wp-json\/wp\/v2\/product"}],"about":[{"href":"https:\/\/silk-pajamas.com\/es\/wp-json\/wp\/v2\/types\/product"}],"wp:featuredmedia":[{"embeddable":true,"href":"https:\/\/silk-pajamas.com\/es\/wp-json\/wp\/v2\/media\/1639"}],"wp:attachment":[{"href":"https:\/\/silk-pajamas.com\/es\/wp-json\/wp\/v2\/media?parent=849"}],"wp:term":[{"taxonomy":"product_brand","embeddable":true,"href":"https:\/\/silk-pajamas.com\/es\/wp-json\/wp\/v2\/product_brand?post=849"},{"taxonomy":"product_cat","embeddable":true,"href":"https:\/\/silk-pajamas.com\/es\/wp-json\/wp\/v2\/product_cat?post=849"},{"taxonomy":"product_tag","embeddable":true,"href":"https:\/\/silk-pajamas.com\/es\/wp-json\/wp\/v2\/product_tag?post=849"}],"curies":[{"name":"wp","href":"https:\/\/api.w.org\/{rel}","templated":true}]}}