{"id":851,"date":"2026-04-12T15:43:34","date_gmt":"2026-04-12T15:43:34","guid":{"rendered":"https:\/\/silk-pajamas.com\/25-momme-crepe-silk-jacket-bomber-black-supplier\/"},"modified":"2026-04-19T08:24:17","modified_gmt":"2026-04-19T08:24:17","slug":"25-momme-crepe-silk-jacket-bomber-black-supplier","status":"publish","type":"product","link":"https:\/\/silk-pajamas.com\/es\/25-momme-crepe-silk-jacket-bomber-black-supplier\/","title":{"rendered":"25 Momme Crepe Chaqueta Seda Bomber Proveedor Negro"},"content":{"rendered":"<p>Confeccionada con crep\u00e9 de seda 25 momme, esta ligera capa exterior ofrece transpirabilidad, un tacto suave con la piel y un movimiento elegante. La construcci\u00f3n bomber y el color negro mantienen el look pulido para los looks a capas. Disponible en talla \u00fanica. Lavar a mano en fr\u00edo o en ciclo delicado.<\/p>","protected":false},"excerpt":{"rendered":"<p>25 Momme Crepe de seda ligera capa exterior en Negro. Acabado bomber, tacto transpirable y talla \u00fanica. Dise\u00f1ada para looks a capas.<\/p>","protected":false},"featured_media":1621,"template":"","meta":{"_gspb_post_css":""},"product_brand":[],"product_cat":[33],"product_tag":[706,715,730],"class_list":{"0":"post-851","1":"product","2":"type-product","3":"status-publish","4":"has-post-thumbnail","6":"product_cat-silk-outerwears","7":"product_tag-25-momme-silk-outerwear-black","8":"product_tag-crepe-silk-outerwear-bomber","9":"product_tag-wholesale-silk-outerwear-for-layering-looks","11":"first","12":"instock","13":"shipping-taxable","14":"purchasable","15":"product-type-simple"},"_links":{"self":[{"href":"https:\/\/silk-pajamas.com\/es\/wp-json\/wp\/v2\/product\/851","targetHints":{"allow":["GET"]}}],"collection":[{"href":"https:\/\/silk-pajamas.com\/es\/wp-json\/wp\/v2\/product"}],"about":[{"href":"https:\/\/silk-pajamas.com\/es\/wp-json\/wp\/v2\/types\/product"}],"wp:featuredmedia":[{"embeddable":true,"href":"https:\/\/silk-pajamas.com\/es\/wp-json\/wp\/v2\/media\/1621"}],"wp:attachment":[{"href":"https:\/\/silk-pajamas.com\/es\/wp-json\/wp\/v2\/media?parent=851"}],"wp:term":[{"taxonomy":"product_brand","embeddable":true,"href":"https:\/\/silk-pajamas.com\/es\/wp-json\/wp\/v2\/product_brand?post=851"},{"taxonomy":"product_cat","embeddable":true,"href":"https:\/\/silk-pajamas.com\/es\/wp-json\/wp\/v2\/product_cat?post=851"},{"taxonomy":"product_tag","embeddable":true,"href":"https:\/\/silk-pajamas.com\/es\/wp-json\/wp\/v2\/product_tag?post=851"}],"curies":[{"name":"wp","href":"https:\/\/api.w.org\/{rel}","templated":true}]}}